{"id":2437,"date":"2023-10-06T13:50:12","date_gmt":"2023-10-06T11:50:12","guid":{"rendered":"http:\/\/www.nessietheteacher.com\/?post_type=product&#038;p=2437"},"modified":"2024-02-04T18:45:48","modified_gmt":"2024-02-04T17:45:48","slug":"hypothetical-situations-2","status":"publish","type":"product","link":"https:\/\/www.nessietheteacher.com\/ca\/producto\/hypothetical-situations-2\/","title":{"rendered":"Hypothetical situations"},"content":{"rendered":"<p>Working to how to use \u201cI wish \/ if only\u201d properly, and some other alternative expressions for hypothetical situations. Practice included!<\/p>","protected":false},"excerpt":{"rendered":"<p>Working to how to use \u201cI wish \/ if only\u201d properly, and some other alternative expressions for hypothetical situations. Practice included!<\/p>","protected":false},"featured_media":2445,"template":"","meta":{"site-sidebar-layout":"default","site-content-layout":"","ast-site-content-layout":"default","site-content-style":"default","site-sidebar-style":"default","ast-global-header-display":"","ast-banner-title-visibility":"","ast-main-header-display":"","ast-hfb-above-header-display":"","ast-hfb-below-header-display":"","ast-hfb-mobile-header-display":"","site-post-title":"","ast-breadcrumbs-content":"","ast-featured-img":"","footer-sml-layout":"","ast-disable-related-posts":"","theme-transparent-header-meta":"default","adv-header-id-meta":"","stick-header-meta":"default","header-above-stick-meta":"","header-main-stick-meta":"","header-below-stick-meta":"","astra-migrate-meta-layouts":"set","ast-page-background-enabled":"default","ast-page-background-meta":{"desktop":{"background-color":"","background-image":"","background-repeat":"repeat","background-position":"center center","background-size":"auto","background-attachment":"scroll","background-type":"","background-media":"","overlay-type":"","overlay-color":"","overlay-opacity":"","overlay-gradient":""},"tablet":{"background-color":"","background-image":"","background-repeat":"repeat","background-position":"center center","background-size":"auto","background-attachment":"scroll","background-type":"","background-media":"","overlay-type":"","overlay-color":"","overlay-opacity":"","overlay-gradient":""},"mobile":{"background-color":"","background-image":"","background-repeat":"repeat","background-position":"center center","background-size":"auto","background-attachment":"scroll","background-type":"","background-media":"","overlay-type":"","overlay-color":"","overlay-opacity":"","overlay-gradient":""}},"ast-content-background-meta":{"desktop":{"background-color":"var(--ast-global-color-5)","background-image":"","background-repeat":"repeat","background-position":"center center","background-size":"auto","background-attachment":"scroll","background-type":"","background-media":"","overlay-type":"","overlay-color":"","overlay-opacity":"","overlay-gradient":""},"tablet":{"background-color":"var(--ast-global-color-5)","background-image":"","background-repeat":"repeat","background-position":"center center","background-size":"auto","background-attachment":"scroll","background-type":"","background-media":"","overlay-type":"","overlay-color":"","overlay-opacity":"","overlay-gradient":""},"mobile":{"background-color":"var(--ast-global-color-5)","background-image":"","background-repeat":"repeat","background-position":"center center","background-size":"auto","background-attachment":"scroll","background-type":"","background-media":"","overlay-type":"","overlay-color":"","overlay-opacity":"","overlay-gradient":""}},"_joinchat":[]},"product_brand":[],"product_cat":[94],"product_tag":[],"class_list":{"0":"post-2437","1":"product","2":"type-product","3":"status-publish","4":"has-post-thumbnail","6":"product_cat-grammar","7":"desktop-align-left","8":"tablet-align-left","9":"mobile-align-left","10":"ast-product-gallery-layout-horizontal-slider","11":"ast-product-gallery-with-no-image","12":"ast-magnify-disabled","13":"ast-product-tabs-layout-horizontal","15":"first","16":"instock","17":"downloadable","18":"virtual","19":"taxable","20":"purchasable","21":"product-type-simple"},"yoast_head":"<!-- This site is optimized with the Yoast SEO plugin v27.4 - https:\/\/yoast.com\/product\/yoast-seo-wordpress\/ -->\n<title>Hypothetical situations - NessieTheTeacher<\/title>\n<meta name=\"description\" content=\"Let\u2019s work out how to use \u201cI wish \/ if only\u201d properly, and some other alternative expressions for hypothetical situations. Practice included!\" \/>\n<meta name=\"robots\" content=\"index, follow, max-snippet:-1, max-image-preview:large, max-video-preview:-1\" \/>\n<link rel=\"canonical\" href=\"https:\/\/www.nessietheteacher.com\/ca\/producte\/hypothetical-situations-2\/\" \/>\n<meta property=\"og:locale\" content=\"ca_ES\" \/>\n<meta property=\"og:type\" content=\"article\" \/>\n<meta property=\"og:title\" content=\"Hypothetical situations - NessieTheTeacher\" \/>\n<meta property=\"og:description\" content=\"Let\u2019s work out how to use \u201cI wish \/ if only\u201d properly, and some other alternative expressions for hypothetical situations. Practice included!\" \/>\n<meta property=\"og:url\" content=\"https:\/\/www.nessietheteacher.com\/ca\/producte\/hypothetical-situations-2\/\" \/>\n<meta property=\"og:site_name\" content=\"NessieTheTeacher\" \/>\n<meta property=\"article:modified_time\" content=\"2024-02-04T17:45:48+00:00\" \/>\n<meta property=\"og:image\" content=\"https:\/\/www.nessietheteacher.com\/wp-content\/uploads\/2023\/10\/I_wish-.jpg\" \/>\n\t<meta property=\"og:image:width\" content=\"1500\" \/>\n\t<meta property=\"og:image:height\" content=\"1064\" \/>\n\t<meta property=\"og:image:type\" content=\"image\/jpeg\" \/>\n<meta name=\"twitter:card\" content=\"summary_large_image\" \/>\n<script type=\"application\/ld+json\" class=\"yoast-schema-graph\">{\"@context\":\"https:\\\/\\\/schema.org\",\"@graph\":[{\"@type\":\"WebPage\",\"@id\":\"https:\\\/\\\/www.nessietheteacher.com\\\/producto\\\/hypothetical-situations-2\\\/\",\"url\":\"https:\\\/\\\/www.nessietheteacher.com\\\/producto\\\/hypothetical-situations-2\\\/\",\"name\":\"Hypothetical situations - NessieTheTeacher\",\"isPartOf\":{\"@id\":\"https:\\\/\\\/www.nessietheteacher.com\\\/#website\"},\"primaryImageOfPage\":{\"@id\":\"https:\\\/\\\/www.nessietheteacher.com\\\/producto\\\/hypothetical-situations-2\\\/#primaryimage\"},\"image\":{\"@id\":\"https:\\\/\\\/www.nessietheteacher.com\\\/producto\\\/hypothetical-situations-2\\\/#primaryimage\"},\"thumbnailUrl\":\"https:\\\/\\\/www.nessietheteacher.com\\\/wp-content\\\/uploads\\\/2023\\\/10\\\/I_wish-.jpg\",\"datePublished\":\"2023-10-06T11:50:12+00:00\",\"dateModified\":\"2024-02-04T17:45:48+00:00\",\"description\":\"Let\u2019s work out how to use \u201cI wish \\\/ if only\u201d properly, and some other alternative expressions for hypothetical situations. Practice included!\",\"breadcrumb\":{\"@id\":\"https:\\\/\\\/www.nessietheteacher.com\\\/producto\\\/hypothetical-situations-2\\\/#breadcrumb\"},\"inLanguage\":\"ca\",\"potentialAction\":[{\"@type\":\"ReadAction\",\"target\":[\"https:\\\/\\\/www.nessietheteacher.com\\\/producto\\\/hypothetical-situations-2\\\/\"]}]},{\"@type\":\"ImageObject\",\"inLanguage\":\"ca\",\"@id\":\"https:\\\/\\\/www.nessietheteacher.com\\\/producto\\\/hypothetical-situations-2\\\/#primaryimage\",\"url\":\"https:\\\/\\\/www.nessietheteacher.com\\\/wp-content\\\/uploads\\\/2023\\\/10\\\/I_wish-.jpg\",\"contentUrl\":\"https:\\\/\\\/www.nessietheteacher.com\\\/wp-content\\\/uploads\\\/2023\\\/10\\\/I_wish-.jpg\",\"width\":1500,\"height\":1064,\"caption\":\"NessieTheTeacher - Situaciones hipot\u00e9ticas\"},{\"@type\":\"BreadcrumbList\",\"@id\":\"https:\\\/\\\/www.nessietheteacher.com\\\/producto\\\/hypothetical-situations-2\\\/#breadcrumb\",\"itemListElement\":[{\"@type\":\"ListItem\",\"position\":1,\"name\":\"Home\",\"item\":\"https:\\\/\\\/www.nessietheteacher.com\\\/\"},{\"@type\":\"ListItem\",\"position\":2,\"name\":\"Tienda\",\"item\":\"https:\\\/\\\/www.nessietheteacher.com\\\/tienda\\\/\"},{\"@type\":\"ListItem\",\"position\":3,\"name\":\"Hypothetical situations\"}]},{\"@type\":\"WebSite\",\"@id\":\"https:\\\/\\\/www.nessietheteacher.com\\\/#website\",\"url\":\"https:\\\/\\\/www.nessietheteacher.com\\\/\",\"name\":\"NessieTheTeacher\",\"description\":\"M\u00e9todo innovador de ense\u00f1anza del ingl\u00e9s\",\"publisher\":{\"@id\":\"https:\\\/\\\/www.nessietheteacher.com\\\/#organization\"},\"potentialAction\":[{\"@type\":\"SearchAction\",\"target\":{\"@type\":\"EntryPoint\",\"urlTemplate\":\"https:\\\/\\\/www.nessietheteacher.com\\\/?s={search_term_string}\"},\"query-input\":{\"@type\":\"PropertyValueSpecification\",\"valueRequired\":true,\"valueName\":\"search_term_string\"}}],\"inLanguage\":\"ca\"},{\"@type\":\"Organization\",\"@id\":\"https:\\\/\\\/www.nessietheteacher.com\\\/#organization\",\"name\":\"NessieTheTeacher\",\"url\":\"https:\\\/\\\/www.nessietheteacher.com\\\/\",\"logo\":{\"@type\":\"ImageObject\",\"inLanguage\":\"ca\",\"@id\":\"https:\\\/\\\/www.nessietheteacher.com\\\/#\\\/schema\\\/logo\\\/image\\\/\",\"url\":\"https:\\\/\\\/www.nessietheteacher.com\\\/wp-content\\\/uploads\\\/2023\\\/08\\\/Logo_10x10.png\",\"contentUrl\":\"https:\\\/\\\/www.nessietheteacher.com\\\/wp-content\\\/uploads\\\/2023\\\/08\\\/Logo_10x10.png\",\"width\":1182,\"height\":1192,\"caption\":\"NessieTheTeacher\"},\"image\":{\"@id\":\"https:\\\/\\\/www.nessietheteacher.com\\\/#\\\/schema\\\/logo\\\/image\\\/\"},\"sameAs\":[\"https:\\\/\\\/www.instagram.com\\\/nessietheteacher\\\/\"]}]}<\/script>\n<!-- \/ Yoast SEO plugin. -->","yoast_head_json":{"title":"Hypothetical situations - NessieTheTeacher","description":"Working to how to use \u201cI wish \/ if only\u201d properly, and some other alternative expressions for hypothetical situations. Practice included!","robots":{"index":"index","follow":"follow","max-snippet":"max-snippet:-1","max-image-preview":"max-image-preview:large","max-video-preview":"max-video-preview:-1"},"canonical":"https:\/\/www.nessietheteacher.com\/ca\/producte\/hypothetical-situations-2\/","og_locale":"ca_ES","og_type":"article","og_title":"Hypothetical situations - NessieTheTeacher","og_description":"Let\u2019s work out how to use \u201cI wish \/ if only\u201d properly, and some other alternative expressions for hypothetical situations. Practice included!","og_url":"https:\/\/www.nessietheteacher.com\/ca\/producte\/hypothetical-situations-2\/","og_site_name":"NessieTheTeacher","article_modified_time":"2024-02-04T17:45:48+00:00","og_image":[{"width":1500,"height":1064,"url":"https:\/\/www.nessietheteacher.com\/wp-content\/uploads\/2023\/10\/I_wish-.jpg","type":"image\/jpeg"}],"twitter_card":"summary_large_image","schema":{"@context":"https:\/\/schema.org","@graph":[{"@type":"WebPage","@id":"https:\/\/www.nessietheteacher.com\/producto\/hypothetical-situations-2\/","url":"https:\/\/www.nessietheteacher.com\/producto\/hypothetical-situations-2\/","name":"Hypothetical situations - NessieTheTeacher","isPartOf":{"@id":"https:\/\/www.nessietheteacher.com\/#website"},"primaryImageOfPage":{"@id":"https:\/\/www.nessietheteacher.com\/producto\/hypothetical-situations-2\/#primaryimage"},"image":{"@id":"https:\/\/www.nessietheteacher.com\/producto\/hypothetical-situations-2\/#primaryimage"},"thumbnailUrl":"https:\/\/www.nessietheteacher.com\/wp-content\/uploads\/2023\/10\/I_wish-.jpg","datePublished":"2023-10-06T11:50:12+00:00","dateModified":"2024-02-04T17:45:48+00:00","description":"Working to how to use \u201cI wish \/ if only\u201d properly, and some other alternative expressions for hypothetical situations. Practice included!","breadcrumb":{"@id":"https:\/\/www.nessietheteacher.com\/producto\/hypothetical-situations-2\/#breadcrumb"},"inLanguage":"ca","potentialAction":[{"@type":"ReadAction","target":["https:\/\/www.nessietheteacher.com\/producto\/hypothetical-situations-2\/"]}]},{"@type":"ImageObject","inLanguage":"ca","@id":"https:\/\/www.nessietheteacher.com\/producto\/hypothetical-situations-2\/#primaryimage","url":"https:\/\/www.nessietheteacher.com\/wp-content\/uploads\/2023\/10\/I_wish-.jpg","contentUrl":"https:\/\/www.nessietheteacher.com\/wp-content\/uploads\/2023\/10\/I_wish-.jpg","width":1500,"height":1064,"caption":"NessieTheTeacher - Situaciones hipot\u00e9ticas"},{"@type":"BreadcrumbList","@id":"https:\/\/www.nessietheteacher.com\/producto\/hypothetical-situations-2\/#breadcrumb","itemListElement":[{"@type":"ListItem","position":1,"name":"Home","item":"https:\/\/www.nessietheteacher.com\/"},{"@type":"ListItem","position":2,"name":"Tienda","item":"https:\/\/www.nessietheteacher.com\/tienda\/"},{"@type":"ListItem","position":3,"name":"Hypothetical situations"}]},{"@type":"WebSite","@id":"https:\/\/www.nessietheteacher.com\/#website","url":"https:\/\/www.nessietheteacher.com\/","name":"NessieTheTeacher","description":"M\u00e8tode innovador d&#039;ensenyament de l&#039;angl\u00e8s","publisher":{"@id":"https:\/\/www.nessietheteacher.com\/#organization"},"potentialAction":[{"@type":"SearchAction","target":{"@type":"EntryPoint","urlTemplate":"https:\/\/www.nessietheteacher.com\/?s={search_term_string}"},"query-input":{"@type":"PropertyValueSpecification","valueRequired":true,"valueName":"search_term_string"}}],"inLanguage":"ca"},{"@type":"Organization","@id":"https:\/\/www.nessietheteacher.com\/#organization","name":"NessieTheTeacher","url":"https:\/\/www.nessietheteacher.com\/","logo":{"@type":"ImageObject","inLanguage":"ca","@id":"https:\/\/www.nessietheteacher.com\/#\/schema\/logo\/image\/","url":"https:\/\/www.nessietheteacher.com\/wp-content\/uploads\/2023\/08\/Logo_10x10.png","contentUrl":"https:\/\/www.nessietheteacher.com\/wp-content\/uploads\/2023\/08\/Logo_10x10.png","width":1182,"height":1192,"caption":"NessieTheTeacher"},"image":{"@id":"https:\/\/www.nessietheteacher.com\/#\/schema\/logo\/image\/"},"sameAs":["https:\/\/www.instagram.com\/nessietheteacher\/"]}]}},"_links":{"self":[{"href":"https:\/\/www.nessietheteacher.com\/ca\/wp-json\/wp\/v2\/product\/2437","targetHints":{"allow":["GET"]}}],"collection":[{"href":"https:\/\/www.nessietheteacher.com\/ca\/wp-json\/wp\/v2\/product"}],"about":[{"href":"https:\/\/www.nessietheteacher.com\/ca\/wp-json\/wp\/v2\/types\/product"}],"wp:featuredmedia":[{"embeddable":true,"href":"https:\/\/www.nessietheteacher.com\/ca\/wp-json\/wp\/v2\/media\/2445"}],"wp:attachment":[{"href":"https:\/\/www.nessietheteacher.com\/ca\/wp-json\/wp\/v2\/media?parent=2437"}],"wp:term":[{"taxonomy":"product_brand","embeddable":true,"href":"https:\/\/www.nessietheteacher.com\/ca\/wp-json\/wp\/v2\/product_brand?post=2437"},{"taxonomy":"product_cat","embeddable":true,"href":"https:\/\/www.nessietheteacher.com\/ca\/wp-json\/wp\/v2\/product_cat?post=2437"},{"taxonomy":"product_tag","embeddable":true,"href":"https:\/\/www.nessietheteacher.com\/ca\/wp-json\/wp\/v2\/product_tag?post=2437"}],"curies":[{"name":"wp","href":"https:\/\/api.w.org\/{rel}","templated":true}]}}