{"id":327,"date":"2023-08-14T13:45:58","date_gmt":"2023-08-14T11:45:58","guid":{"rendered":"http:\/\/www.nessietheteacher.com\/?page_id=327"},"modified":"2025-05-30T10:12:22","modified_gmt":"2025-05-30T08:12:22","slug":"low-cost","status":"publish","type":"page","link":"https:\/\/www.nessietheteacher.com\/ca\/low-cost\/","title":{"rendered":"Low cost"},"content":{"rendered":"<div data-elementor-type=\"wp-page\" data-elementor-id=\"327\" class=\"elementor elementor-327\" data-elementor-post-type=\"page\">\n\t\t\t\t\t\t<section class=\"elementor-section elementor-top-section elementor-element elementor-element-7f4c97d1 elementor-section-height-min-height elementor-section-boxed elementor-section-height-default elementor-section-items-middle\" data-id=\"7f4c97d1\" data-element_type=\"section\" data-e-type=\"section\" data-settings=\"{&quot;background_background&quot;:&quot;classic&quot;}\">\n\t\t\t\t\t\t\t<div class=\"elementor-background-overlay\"><\/div>\n\t\t\t\t\t\t\t<div class=\"elementor-container elementor-column-gap-no\">\n\t\t\t\t\t<div class=\"elementor-column elementor-col-100 elementor-top-column elementor-element elementor-element-17539835\" data-id=\"17539835\" data-element_type=\"column\" data-e-type=\"column\">\n\t\t\t<div class=\"elementor-widget-wrap elementor-element-populated\">\n\t\t\t\t\t\t<div class=\"elementor-element elementor-element-66d10af8 elementor-widget elementor-widget-heading\" data-id=\"66d10af8\" data-element_type=\"widget\" data-e-type=\"widget\" data-widget_type=\"heading.default\">\n\t\t\t\t<div class=\"elementor-widget-container\">\n\t\t\t\t\t<h1 class=\"elementor-heading-title elementor-size-default\">El m\u00e8tode oient<\/h1>\t\t\t\t<\/div>\n\t\t\t\t<\/div>\n\t\t\t\t<div class=\"elementor-element elementor-element-71168bbd elementor-widget-divider--view-line elementor-widget elementor-widget-divider\" data-id=\"71168bbd\" data-element_type=\"widget\" data-e-type=\"widget\" data-widget_type=\"divider.default\">\n\t\t\t\t<div class=\"elementor-widget-container\">\n\t\t\t\t\t\t\t<div class=\"elementor-divider\">\n\t\t\t<span class=\"elementor-divider-separator\">\n\t\t\t\t\t\t<\/span>\n\t\t<\/div>\n\t\t\t\t\t\t<\/div>\n\t\t\t\t<\/div>\n\t\t\t\t\t<\/div>\n\t\t<\/div>\n\t\t\t\t\t<\/div>\n\t\t<\/section>\n\t\t\t\t<section class=\"elementor-section elementor-top-section elementor-element elementor-element-730d75b2 elementor-section-content-middle elementor-section-boxed elementor-section-height-default elementor-section-height-default\" data-id=\"730d75b2\" data-element_type=\"section\" data-e-type=\"section\" data-settings=\"{&quot;background_background&quot;:&quot;classic&quot;}\">\n\t\t\t\t\t\t<div class=\"elementor-container elementor-column-gap-no\">\n\t\t\t\t\t<div class=\"elementor-column elementor-col-50 elementor-top-column elementor-element elementor-element-5b551e0b\" data-id=\"5b551e0b\" data-element_type=\"column\" data-e-type=\"column\">\n\t\t\t<div class=\"elementor-widget-wrap elementor-element-populated\">\n\t\t\t\t\t\t<div class=\"elementor-element elementor-element-7886a078 elementor-widget elementor-widget-heading\" data-id=\"7886a078\" data-element_type=\"widget\" data-e-type=\"widget\" data-widget_type=\"heading.default\">\n\t\t\t\t<div class=\"elementor-widget-container\">\n\t\t\t\t\t<h2 class=\"elementor-heading-title elementor-size-default\">Low cost<\/h2>\t\t\t\t<\/div>\n\t\t\t\t<\/div>\n\t\t\t\t<div class=\"elementor-element elementor-element-3db7ee09 elementor-widget elementor-widget-heading\" data-id=\"3db7ee09\" data-element_type=\"widget\" data-e-type=\"widget\" data-widget_type=\"heading.default\">\n\t\t\t\t<div class=\"elementor-widget-container\">\n\t\t\t\t\t<h2 class=\"elementor-heading-title elementor-size-default\">El m\u00e8tode oient<\/h2>\t\t\t\t<\/div>\n\t\t\t\t<\/div>\n\t\t\t\t<div class=\"elementor-element elementor-element-6f201ea6 elementor-widget-divider--view-line elementor-widget elementor-widget-divider\" data-id=\"6f201ea6\" data-element_type=\"widget\" data-e-type=\"widget\" data-widget_type=\"divider.default\">\n\t\t\t\t<div class=\"elementor-widget-container\">\n\t\t\t\t\t\t\t<div class=\"elementor-divider\">\n\t\t\t<span class=\"elementor-divider-separator\">\n\t\t\t\t\t\t<\/span>\n\t\t<\/div>\n\t\t\t\t\t\t<\/div>\n\t\t\t\t<\/div>\n\t\t\t\t<div class=\"elementor-element elementor-element-63d656aa elementor-widget elementor-widget-text-editor\" data-id=\"63d656aa\" data-element_type=\"widget\" data-e-type=\"widget\" data-widget_type=\"text-editor.default\">\n\t\t\t\t<div class=\"elementor-widget-container\">\n\t\t\t\t\t\t\t\t\t<p>El M\u00e8tode Oient \u00e9s ideal per a persones t\u00edmides que es vulguin familiaritzar amb l&#039;entorn de la classe o per a persones amb pressupostos limitats que vulguin continuar millorant el seu angl\u00e8s i no es poden permetre en aquell moment un curs tradicional.<\/p><p>Els estudiants <strong>oients<\/strong> reben tot el material de la classe igual que els altres i es beneficien tamb\u00e9 de totes les explicacions i interaccions del grup.<\/p><p>A m\u00e9s, tindr\u00e0s acc\u00e9s als deures i correccions dels mateixos a classe, encara que no a correccions individuals com ara escrits (writings).<\/p><p><strong>Com funciona?<\/strong> T&#039;unir\u00e0s a un petit grup de 1 o 2 persones que estiguin fent el curs normal.<\/p>\t\t\t\t\t\t\t\t<\/div>\n\t\t\t\t<\/div>\n\t\t\t\t\t<\/div>\n\t\t<\/div>\n\t\t\t\t<div class=\"elementor-column elementor-col-50 elementor-top-column elementor-element elementor-element-6e68780b\" data-id=\"6e68780b\" data-element_type=\"column\" data-e-type=\"column\">\n\t\t\t<div class=\"elementor-widget-wrap elementor-element-populated\">\n\t\t\t\t\t\t<div class=\"elementor-element elementor-element-41d06496 elementor-widget elementor-widget-image\" data-id=\"41d06496\" data-element_type=\"widget\" data-e-type=\"widget\" data-widget_type=\"image.default\">\n\t\t\t\t<div class=\"elementor-widget-container\">\n\t\t\t\t\t\t\t\t\t\t\t\t\t\t\t<img fetchpriority=\"high\" decoding=\"async\" width=\"1500\" height=\"1000\" src=\"https:\/\/www.nessietheteacher.com\/wp-content\/uploads\/2023\/09\/a-man-and-a-woman-in-front-of-a-laptop-2022-02-02-03-48-10-utc.jpg\" class=\"attachment-full size-full wp-image-2227\" alt=\"NessieTheTeacher - Estudiant\" srcset=\"https:\/\/www.nessietheteacher.com\/wp-content\/uploads\/2023\/09\/a-man-and-a-woman-in-front-of-a-laptop-2022-02-02-03-48-10-utc.jpg 1500w, https:\/\/www.nessietheteacher.com\/wp-content\/uploads\/2023\/09\/a-man-and-a-woman-in-front-of-a-laptop-2022-02-02-03-48-10-utc-300x200.jpg 300w, https:\/\/www.nessietheteacher.com\/wp-content\/uploads\/2023\/09\/a-man-and-a-woman-in-front-of-a-laptop-2022-02-02-03-48-10-utc-1024x683.jpg 1024w, https:\/\/www.nessietheteacher.com\/wp-content\/uploads\/2023\/09\/a-man-and-a-woman-in-front-of-a-laptop-2022-02-02-03-48-10-utc-768x512.jpg 768w, https:\/\/www.nessietheteacher.com\/wp-content\/uploads\/2023\/09\/a-man-and-a-woman-in-front-of-a-laptop-2022-02-02-03-48-10-utc-18x12.jpg 18w, https:\/\/www.nessietheteacher.com\/wp-content\/uploads\/2023\/09\/a-man-and-a-woman-in-front-of-a-laptop-2022-02-02-03-48-10-utc-60x40.jpg 60w, https:\/\/www.nessietheteacher.com\/wp-content\/uploads\/2023\/09\/a-man-and-a-woman-in-front-of-a-laptop-2022-02-02-03-48-10-utc-600x400.jpg 600w\" sizes=\"(max-width: 1500px) 100vw, 1500px\" \/>\t\t\t\t\t\t\t\t\t\t\t\t\t\t\t<\/div>\n\t\t\t\t<\/div>\n\t\t\t\t\t<\/div>\n\t\t<\/div>\n\t\t\t\t\t<\/div>\n\t\t<\/section>\n\t\t\t\t<section class=\"elementor-section elementor-top-section elementor-element elementor-element-7e4bd7c4 elementor-section-boxed elementor-section-height-default elementor-section-height-default\" data-id=\"7e4bd7c4\" data-element_type=\"section\" data-e-type=\"section\" data-settings=\"{&quot;background_background&quot;:&quot;classic&quot;}\">\n\t\t\t\t\t\t<div class=\"elementor-container elementor-column-gap-no\">\n\t\t\t\t\t<div class=\"elementor-column elementor-col-100 elementor-top-column elementor-element elementor-element-472d1543\" data-id=\"472d1543\" data-element_type=\"column\" data-e-type=\"column\">\n\t\t\t<div class=\"elementor-widget-wrap elementor-element-populated\">\n\t\t\t\t\t\t<div class=\"elementor-element elementor-element-6ebae499 elementor-widget elementor-widget-image\" data-id=\"6ebae499\" data-element_type=\"widget\" data-e-type=\"widget\" data-widget_type=\"image.default\">\n\t\t\t\t<div class=\"elementor-widget-container\">\n\t\t\t\t\t\t\t\t\t\t\t\t\t\t\t<img decoding=\"async\" src=\"https:\/\/www.nessietheteacher.com\/wp-content\/uploads\/elementor\/thumbs\/london-1930509_1920-qevmjktju2naw2mzud2w7h2iktmxb0k85gcozpj734.jpg\" title=\"NessieTheTeacher \u2013 Autob\u00fas\" alt=\"NessieTheTeacher - Autob\u00fas\" loading=\"lazy\" \/>\t\t\t\t\t\t\t\t\t\t\t\t\t\t\t<\/div>\n\t\t\t\t<\/div>\n\t\t\t\t<section class=\"elementor-section elementor-inner-section elementor-element elementor-element-43f9eed3 elementor-section-boxed elementor-section-height-default elementor-section-height-default\" data-id=\"43f9eed3\" data-element_type=\"section\" data-e-type=\"section\">\n\t\t\t\t\t\t<div class=\"elementor-container elementor-column-gap-no\">\n\t\t\t\t\t<div class=\"elementor-column elementor-col-50 elementor-inner-column elementor-element elementor-element-789db3e\" data-id=\"789db3e\" data-element_type=\"column\" data-e-type=\"column\">\n\t\t\t<div class=\"elementor-widget-wrap elementor-element-populated\">\n\t\t\t\t\t\t<div class=\"elementor-element elementor-element-17dad42b elementor-widget elementor-widget-heading\" data-id=\"17dad42b\" data-element_type=\"widget\" data-e-type=\"widget\" data-widget_type=\"heading.default\">\n\t\t\t\t<div class=\"elementor-widget-container\">\n\t\t\t\t\t<h2 class=\"elementor-heading-title elementor-size-default\">Al millor preu<\/h2>\t\t\t\t<\/div>\n\t\t\t\t<\/div>\n\t\t\t\t<div class=\"elementor-element elementor-element-9a713d6 elementor-widget elementor-widget-heading\" data-id=\"9a713d6\" data-element_type=\"widget\" data-e-type=\"widget\" data-widget_type=\"heading.default\">\n\t\t\t\t<div class=\"elementor-widget-container\">\n\t\t\t\t\t<h2 class=\"elementor-heading-title elementor-size-default\">Informaci\u00f3 addicional<\/h2>\t\t\t\t<\/div>\n\t\t\t\t<\/div>\n\t\t\t\t<div class=\"elementor-element elementor-element-462b6711 elementor-widget-divider--view-line elementor-widget elementor-widget-divider\" data-id=\"462b6711\" data-element_type=\"widget\" data-e-type=\"widget\" data-widget_type=\"divider.default\">\n\t\t\t\t<div class=\"elementor-widget-container\">\n\t\t\t\t\t\t\t<div class=\"elementor-divider\">\n\t\t\t<span class=\"elementor-divider-separator\">\n\t\t\t\t\t\t<\/span>\n\t\t<\/div>\n\t\t\t\t\t\t<\/div>\n\t\t\t\t<\/div>\n\t\t\t\t\t<\/div>\n\t\t<\/div>\n\t\t\t\t<div class=\"elementor-column elementor-col-50 elementor-inner-column elementor-element elementor-element-19c88955\" data-id=\"19c88955\" data-element_type=\"column\" data-e-type=\"column\">\n\t\t\t<div class=\"elementor-widget-wrap elementor-element-populated\">\n\t\t\t\t\t\t<div class=\"elementor-element elementor-element-339daf6d elementor-widget elementor-widget-text-editor\" data-id=\"339daf6d\" data-element_type=\"widget\" data-e-type=\"widget\" data-widget_type=\"text-editor.default\">\n\t\t\t\t<div class=\"elementor-widget-container\">\n\t\t\t\t\t\t\t\t\t<ul>\n<li style=\"list-style-type: none;\">\n<ul>\n<li><b>Utilitzem material did\u00e0ctic<\/b> de Cambridge i Oxford per garantir la qualitat de lensenyament.<\/li>\n<\/ul>\n<\/li>\n<\/ul>\n<ul>\n<li style=\"list-style-type: none;\">\n<ul>\n<li><b>Promoci\u00f3 especial web: Matr\u00edcula amb 50% de descompte.<\/b><\/li>\n<\/ul>\n<\/li>\n<\/ul>\n<ul>\n<li style=\"list-style-type: none;\">\n<ul>\n<li>El <b>preu<\/b> per aquest servei \u00e9s de nom\u00e9s: 45\u20ac\/mes.<\/li>\n<\/ul>\n<\/li>\n<\/ul>\t\t\t\t\t\t\t\t<\/div>\n\t\t\t\t<\/div>\n\t\t\t\t\t<\/div>\n\t\t<\/div>\n\t\t\t\t\t<\/div>\n\t\t<\/section>\n\t\t\t\t\t<\/div>\n\t\t<\/div>\n\t\t\t\t\t<\/div>\n\t\t<\/section>\n\t\t\t\t<section class=\"elementor-section elementor-top-section elementor-element elementor-element-5b70e29d elementor-section-boxed elementor-section-height-default elementor-section-height-default\" data-id=\"5b70e29d\" data-element_type=\"section\" data-e-type=\"section\" data-settings=\"{&quot;background_background&quot;:&quot;classic&quot;}\">\n\t\t\t\t\t\t<div class=\"elementor-container elementor-column-gap-no\">\n\t\t\t\t\t<div class=\"elementor-column elementor-col-100 elementor-top-column elementor-element elementor-element-96ecb6b\" data-id=\"96ecb6b\" data-element_type=\"column\" data-e-type=\"column\">\n\t\t\t<div class=\"elementor-widget-wrap elementor-element-populated\">\n\t\t\t\t\t\t<div class=\"elementor-element elementor-element-6ca52a12 elementor-widget elementor-widget-heading\" data-id=\"6ca52a12\" data-element_type=\"widget\" data-e-type=\"widget\" data-widget_type=\"heading.default\">\n\t\t\t\t<div class=\"elementor-widget-container\">\n\t\t\t\t\t<h3 class=\"elementor-heading-title elementor-size-default\">Explora el m\u00e8tode oient<\/h3>\t\t\t\t<\/div>\n\t\t\t\t<\/div>\n\t\t\t\t<div class=\"elementor-element elementor-element-4d28f5d1 elementor-widget elementor-widget-text-editor\" data-id=\"4d28f5d1\" data-element_type=\"widget\" data-e-type=\"widget\" data-widget_type=\"text-editor.default\">\n\t\t\t\t<div class=\"elementor-widget-container\">\n\t\t\t\t\t\t\t\t\t<p>Si vols obtenir m\u00e9s informaci\u00f3 sobre el M\u00e8tode Oient o inscriure&#039;t, escriu-nos a WhatsApp. Som aqu\u00ed per ajudar-te.<\/p>\t\t\t\t\t\t\t\t<\/div>\n\t\t\t\t<\/div>\n\t\t\t\t\t<\/div>\n\t\t<\/div>\n\t\t\t\t\t<\/div>\n\t\t<\/section>\n\t\t\t\t<\/div>","protected":false},"excerpt":{"rendered":"<p>El m\u00e9todo oyente Low cost El m\u00e9todo oyente El M\u00e9todo Oyente es ideal para personas t\u00edmidas que deseen familiarizarse con el entorno de la clase o para personas con presupuestos limitados que deseen continuar mejorando su ingl\u00e9s y no se pueden permitir en ese momento un curso tradicional. Los estudiantes oyentes reciben todo el material [&hellip;]<\/p>\n","protected":false},"author":1,"featured_media":0,"parent":0,"menu_order":11,"comment_status":"closed","ping_status":"closed","template":"","meta":{"site-sidebar-layout":"no-sidebar","site-content-layout":"page-builder","ast-site-content-layout":"full-width-container","site-content-style":"default","site-sidebar-style":"default","ast-global-header-display":"","ast-banner-title-visibility":"","ast-main-header-display":"","ast-hfb-above-header-display":"","ast-hfb-below-header-display":"","ast-hfb-mobile-header-display":"","site-post-title":"disabled","ast-breadcrumbs-content":"","ast-featured-img":"disabled","footer-sml-layout":"","ast-disable-related-posts":"","theme-transparent-header-meta":"enabled","adv-header-id-meta":"","stick-header-meta":"disabled","header-above-stick-meta":"","header-main-stick-meta":"","header-below-stick-meta":"","astra-migrate-meta-layouts":"set","ast-page-background-enabled":"default","ast-page-background-meta":{"desktop":{"background-color":"","background-image":"","background-repeat":"repeat","background-position":"center center","background-size":"auto","background-attachment":"scroll","background-type":"","background-media":"","overlay-type":"","overlay-color":"","overlay-opacity":"","overlay-gradient":""},"tablet":{"background-color":"","background-image":"","background-repeat":"repeat","background-position":"center center","background-size":"auto","background-attachment":"scroll","background-type":"","background-media":"","overlay-type":"","overlay-color":"","overlay-opacity":"","overlay-gradient":""},"mobile":{"background-color":"","background-image":"","background-repeat":"repeat","background-position":"center center","background-size":"auto","background-attachment":"scroll","background-type":"","background-media":"","overlay-type":"","overlay-color":"","overlay-opacity":"","overlay-gradient":""}},"ast-content-background-meta":{"desktop":{"background-color":"var(--ast-global-color-5)","background-image":"","background-repeat":"repeat","background-position":"center center","background-size":"auto","background-attachment":"scroll","background-type":"","background-media":"","overlay-type":"","overlay-color":"","overlay-opacity":"","overlay-gradient":""},"tablet":{"background-color":"var(--ast-global-color-5)","background-image":"","background-repeat":"repeat","background-position":"center center","background-size":"auto","background-attachment":"scroll","background-type":"","background-media":"","overlay-type":"","overlay-color":"","overlay-opacity":"","overlay-gradient":""},"mobile":{"background-color":"var(--ast-global-color-5)","background-image":"","background-repeat":"repeat","background-position":"center center","background-size":"auto","background-attachment":"scroll","background-type":"","background-media":"","overlay-type":"","overlay-color":"","overlay-opacity":"","overlay-gradient":""}},"_joinchat":[],"footnotes":""},"class_list":["post-327","page","type-page","status-publish","hentry"],"yoast_head":"<!-- This site is optimized with the Yoast SEO plugin v27.4 - https:\/\/yoast.com\/product\/yoast-seo-wordpress\/ -->\n<title>Low cost - NessieTheTeacher<\/title>\n<meta name=\"description\" content=\"Descubre el m\u00e9todo oyente de bajo costo de NessieTheTeacher. Escucha, aprende y ahorra en tus clases de ingl\u00e9s.\" \/>\n<meta name=\"robots\" content=\"index, follow, max-snippet:-1, max-image-preview:large, max-video-preview:-1\" \/>\n<link rel=\"canonical\" href=\"https:\/\/www.nessietheteacher.com\/ca\/low-cost\/\" \/>\n<meta property=\"og:locale\" content=\"ca_ES\" \/>\n<meta property=\"og:type\" content=\"article\" \/>\n<meta property=\"og:title\" content=\"Low cost - NessieTheTeacher\" \/>\n<meta property=\"og:description\" content=\"Descubre el m\u00e9todo oyente de bajo costo de NessieTheTeacher. Escucha, aprende y ahorra en tus clases de ingl\u00e9s.\" \/>\n<meta property=\"og:url\" content=\"https:\/\/www.nessietheteacher.com\/ca\/low-cost\/\" \/>\n<meta property=\"og:site_name\" content=\"NessieTheTeacher\" \/>\n<meta property=\"article:modified_time\" content=\"2025-05-30T08:12:22+00:00\" \/>\n<meta property=\"og:image\" content=\"https:\/\/www.nessietheteacher.com\/wp-content\/uploads\/2023\/09\/a-man-and-a-woman-in-front-of-a-laptop-2022-02-02-03-48-10-utc.jpg\" \/>\n\t<meta property=\"og:image:width\" content=\"1500\" \/>\n\t<meta property=\"og:image:height\" content=\"1000\" \/>\n\t<meta property=\"og:image:type\" content=\"image\/jpeg\" \/>\n<meta name=\"twitter:card\" content=\"summary_large_image\" \/>\n<meta name=\"twitter:label1\" content=\"Temps estimat de lectura\" \/>\n\t<meta name=\"twitter:data1\" content=\"1 minut\" \/>\n<script type=\"application\/ld+json\" class=\"yoast-schema-graph\">{\"@context\":\"https:\\\/\\\/schema.org\",\"@graph\":[{\"@type\":\"WebPage\",\"@id\":\"https:\\\/\\\/www.nessietheteacher.com\\\/low-cost\\\/\",\"url\":\"https:\\\/\\\/www.nessietheteacher.com\\\/low-cost\\\/\",\"name\":\"Low cost - NessieTheTeacher\",\"isPartOf\":{\"@id\":\"https:\\\/\\\/www.nessietheteacher.com\\\/#website\"},\"primaryImageOfPage\":{\"@id\":\"https:\\\/\\\/www.nessietheteacher.com\\\/low-cost\\\/#primaryimage\"},\"image\":{\"@id\":\"https:\\\/\\\/www.nessietheteacher.com\\\/low-cost\\\/#primaryimage\"},\"thumbnailUrl\":\"https:\\\/\\\/www.nessietheteacher.com\\\/wp-content\\\/uploads\\\/2023\\\/09\\\/a-man-and-a-woman-in-front-of-a-laptop-2022-02-02-03-48-10-utc.jpg\",\"datePublished\":\"2023-08-14T11:45:58+00:00\",\"dateModified\":\"2025-05-30T08:12:22+00:00\",\"description\":\"Descubre el m\u00e9todo oyente de bajo costo de NessieTheTeacher. Escucha, aprende y ahorra en tus clases de ingl\u00e9s.\",\"breadcrumb\":{\"@id\":\"https:\\\/\\\/www.nessietheteacher.com\\\/low-cost\\\/#breadcrumb\"},\"inLanguage\":\"ca\",\"potentialAction\":[{\"@type\":\"ReadAction\",\"target\":[\"https:\\\/\\\/www.nessietheteacher.com\\\/low-cost\\\/\"]}]},{\"@type\":\"ImageObject\",\"inLanguage\":\"ca\",\"@id\":\"https:\\\/\\\/www.nessietheteacher.com\\\/low-cost\\\/#primaryimage\",\"url\":\"https:\\\/\\\/www.nessietheteacher.com\\\/wp-content\\\/uploads\\\/2023\\\/09\\\/a-man-and-a-woman-in-front-of-a-laptop-2022-02-02-03-48-10-utc.jpg\",\"contentUrl\":\"https:\\\/\\\/www.nessietheteacher.com\\\/wp-content\\\/uploads\\\/2023\\\/09\\\/a-man-and-a-woman-in-front-of-a-laptop-2022-02-02-03-48-10-utc.jpg\"},{\"@type\":\"BreadcrumbList\",\"@id\":\"https:\\\/\\\/www.nessietheteacher.com\\\/low-cost\\\/#breadcrumb\",\"itemListElement\":[{\"@type\":\"ListItem\",\"position\":1,\"name\":\"Home\",\"item\":\"https:\\\/\\\/www.nessietheteacher.com\\\/\"},{\"@type\":\"ListItem\",\"position\":2,\"name\":\"Low cost\"}]},{\"@type\":\"WebSite\",\"@id\":\"https:\\\/\\\/www.nessietheteacher.com\\\/#website\",\"url\":\"https:\\\/\\\/www.nessietheteacher.com\\\/\",\"name\":\"NessieTheTeacher\",\"description\":\"M\u00e9todo innovador de ense\u00f1anza del ingl\u00e9s\",\"publisher\":{\"@id\":\"https:\\\/\\\/www.nessietheteacher.com\\\/#organization\"},\"potentialAction\":[{\"@type\":\"SearchAction\",\"target\":{\"@type\":\"EntryPoint\",\"urlTemplate\":\"https:\\\/\\\/www.nessietheteacher.com\\\/?s={search_term_string}\"},\"query-input\":{\"@type\":\"PropertyValueSpecification\",\"valueRequired\":true,\"valueName\":\"search_term_string\"}}],\"inLanguage\":\"ca\"},{\"@type\":\"Organization\",\"@id\":\"https:\\\/\\\/www.nessietheteacher.com\\\/#organization\",\"name\":\"NessieTheTeacher\",\"url\":\"https:\\\/\\\/www.nessietheteacher.com\\\/\",\"logo\":{\"@type\":\"ImageObject\",\"inLanguage\":\"ca\",\"@id\":\"https:\\\/\\\/www.nessietheteacher.com\\\/#\\\/schema\\\/logo\\\/image\\\/\",\"url\":\"https:\\\/\\\/www.nessietheteacher.com\\\/wp-content\\\/uploads\\\/2023\\\/08\\\/Logo_10x10.png\",\"contentUrl\":\"https:\\\/\\\/www.nessietheteacher.com\\\/wp-content\\\/uploads\\\/2023\\\/08\\\/Logo_10x10.png\",\"width\":1182,\"height\":1192,\"caption\":\"NessieTheTeacher\"},\"image\":{\"@id\":\"https:\\\/\\\/www.nessietheteacher.com\\\/#\\\/schema\\\/logo\\\/image\\\/\"},\"sameAs\":[\"https:\\\/\\\/www.instagram.com\\\/nessietheteacher\\\/\"]}]}<\/script>\n<!-- \/ Yoast SEO plugin. -->","yoast_head_json":{"title":"Low cost - NessieTheTeacher","description":"Descobreix el m\u00e8tode oient de baix cost de NessieTheTeacher. Escolta, apr\u00e8n i estalvia a les teves classes d&#039;angl\u00e8s.","robots":{"index":"index","follow":"follow","max-snippet":"max-snippet:-1","max-image-preview":"max-image-preview:large","max-video-preview":"max-video-preview:-1"},"canonical":"https:\/\/www.nessietheteacher.com\/ca\/low-cost\/","og_locale":"ca_ES","og_type":"article","og_title":"Low cost - NessieTheTeacher","og_description":"Descubre el m\u00e9todo oyente de bajo costo de NessieTheTeacher. Escucha, aprende y ahorra en tus clases de ingl\u00e9s.","og_url":"https:\/\/www.nessietheteacher.com\/ca\/low-cost\/","og_site_name":"NessieTheTeacher","article_modified_time":"2025-05-30T08:12:22+00:00","og_image":[{"width":1500,"height":1000,"url":"https:\/\/www.nessietheteacher.com\/wp-content\/uploads\/2023\/09\/a-man-and-a-woman-in-front-of-a-laptop-2022-02-02-03-48-10-utc.jpg","type":"image\/jpeg"}],"twitter_card":"summary_large_image","twitter_misc":{"Temps estimat de lectura":"1 minut"},"schema":{"@context":"https:\/\/schema.org","@graph":[{"@type":"WebPage","@id":"https:\/\/www.nessietheteacher.com\/low-cost\/","url":"https:\/\/www.nessietheteacher.com\/low-cost\/","name":"Low cost - NessieTheTeacher","isPartOf":{"@id":"https:\/\/www.nessietheteacher.com\/#website"},"primaryImageOfPage":{"@id":"https:\/\/www.nessietheteacher.com\/low-cost\/#primaryimage"},"image":{"@id":"https:\/\/www.nessietheteacher.com\/low-cost\/#primaryimage"},"thumbnailUrl":"https:\/\/www.nessietheteacher.com\/wp-content\/uploads\/2023\/09\/a-man-and-a-woman-in-front-of-a-laptop-2022-02-02-03-48-10-utc.jpg","datePublished":"2023-08-14T11:45:58+00:00","dateModified":"2025-05-30T08:12:22+00:00","description":"Descobreix el m\u00e8tode oient de baix cost de NessieTheTeacher. Escolta, apr\u00e8n i estalvia a les teves classes d&#039;angl\u00e8s.","breadcrumb":{"@id":"https:\/\/www.nessietheteacher.com\/low-cost\/#breadcrumb"},"inLanguage":"ca","potentialAction":[{"@type":"ReadAction","target":["https:\/\/www.nessietheteacher.com\/low-cost\/"]}]},{"@type":"ImageObject","inLanguage":"ca","@id":"https:\/\/www.nessietheteacher.com\/low-cost\/#primaryimage","url":"https:\/\/www.nessietheteacher.com\/wp-content\/uploads\/2023\/09\/a-man-and-a-woman-in-front-of-a-laptop-2022-02-02-03-48-10-utc.jpg","contentUrl":"https:\/\/www.nessietheteacher.com\/wp-content\/uploads\/2023\/09\/a-man-and-a-woman-in-front-of-a-laptop-2022-02-02-03-48-10-utc.jpg"},{"@type":"BreadcrumbList","@id":"https:\/\/www.nessietheteacher.com\/low-cost\/#breadcrumb","itemListElement":[{"@type":"ListItem","position":1,"name":"Home","item":"https:\/\/www.nessietheteacher.com\/"},{"@type":"ListItem","position":2,"name":"Low cost"}]},{"@type":"WebSite","@id":"https:\/\/www.nessietheteacher.com\/#website","url":"https:\/\/www.nessietheteacher.com\/","name":"NessieTheTeacher","description":"M\u00e8tode innovador d&#039;ensenyament de l&#039;angl\u00e8s","publisher":{"@id":"https:\/\/www.nessietheteacher.com\/#organization"},"potentialAction":[{"@type":"SearchAction","target":{"@type":"EntryPoint","urlTemplate":"https:\/\/www.nessietheteacher.com\/?s={search_term_string}"},"query-input":{"@type":"PropertyValueSpecification","valueRequired":true,"valueName":"search_term_string"}}],"inLanguage":"ca"},{"@type":"Organization","@id":"https:\/\/www.nessietheteacher.com\/#organization","name":"NessieTheTeacher","url":"https:\/\/www.nessietheteacher.com\/","logo":{"@type":"ImageObject","inLanguage":"ca","@id":"https:\/\/www.nessietheteacher.com\/#\/schema\/logo\/image\/","url":"https:\/\/www.nessietheteacher.com\/wp-content\/uploads\/2023\/08\/Logo_10x10.png","contentUrl":"https:\/\/www.nessietheteacher.com\/wp-content\/uploads\/2023\/08\/Logo_10x10.png","width":1182,"height":1192,"caption":"NessieTheTeacher"},"image":{"@id":"https:\/\/www.nessietheteacher.com\/#\/schema\/logo\/image\/"},"sameAs":["https:\/\/www.instagram.com\/nessietheteacher\/"]}]}},"_links":{"self":[{"href":"https:\/\/www.nessietheteacher.com\/ca\/wp-json\/wp\/v2\/pages\/327","targetHints":{"allow":["GET"]}}],"collection":[{"href":"https:\/\/www.nessietheteacher.com\/ca\/wp-json\/wp\/v2\/pages"}],"about":[{"href":"https:\/\/www.nessietheteacher.com\/ca\/wp-json\/wp\/v2\/types\/page"}],"author":[{"embeddable":true,"href":"https:\/\/www.nessietheteacher.com\/ca\/wp-json\/wp\/v2\/users\/1"}],"replies":[{"embeddable":true,"href":"https:\/\/www.nessietheteacher.com\/ca\/wp-json\/wp\/v2\/comments?post=327"}],"version-history":[{"count":42,"href":"https:\/\/www.nessietheteacher.com\/ca\/wp-json\/wp\/v2\/pages\/327\/revisions"}],"predecessor-version":[{"id":4727,"href":"https:\/\/www.nessietheteacher.com\/ca\/wp-json\/wp\/v2\/pages\/327\/revisions\/4727"}],"wp:attachment":[{"href":"https:\/\/www.nessietheteacher.com\/ca\/wp-json\/wp\/v2\/media?parent=327"}],"curies":[{"name":"wp","href":"https:\/\/api.w.org\/{rel}","templated":true}]}}