{"id":319,"date":"2023-08-14T13:44:05","date_gmt":"2023-08-14T11:44:05","guid":{"rendered":"http:\/\/www.nessietheteacher.com\/?page_id=319"},"modified":"2025-07-20T14:46:21","modified_gmt":"2025-07-20T12:46:21","slug":"curso-speaking","status":"publish","type":"page","link":"https:\/\/www.nessietheteacher.com\/ca\/curso-speaking\/","title":{"rendered":"Curs de speaking"},"content":{"rendered":"<div data-elementor-type=\"wp-page\" data-elementor-id=\"319\" class=\"elementor elementor-319\" data-elementor-post-type=\"page\">\n\t\t\t\t\t\t<section class=\"elementor-section elementor-top-section elementor-element elementor-element-6ba79c84 elementor-section-height-min-height elementor-section-boxed elementor-section-height-default elementor-section-items-middle\" data-id=\"6ba79c84\" data-element_type=\"section\" data-e-type=\"section\" data-settings=\"{&quot;background_background&quot;:&quot;classic&quot;}\">\n\t\t\t\t\t\t\t<div class=\"elementor-background-overlay\"><\/div>\n\t\t\t\t\t\t\t<div class=\"elementor-container elementor-column-gap-no\">\n\t\t\t\t\t<div class=\"elementor-column elementor-col-100 elementor-top-column elementor-element elementor-element-2f048bc1\" data-id=\"2f048bc1\" data-element_type=\"column\" data-e-type=\"column\">\n\t\t\t<div class=\"elementor-widget-wrap elementor-element-populated\">\n\t\t\t\t\t\t<div class=\"elementor-element elementor-element-68f9440e elementor-widget elementor-widget-heading\" data-id=\"68f9440e\" data-element_type=\"widget\" data-e-type=\"widget\" data-widget_type=\"heading.default\">\n\t\t\t\t<div class=\"elementor-widget-container\">\n\t\t\t\t\t<h1 class=\"elementor-heading-title elementor-size-default\">Curs de speaking<\/h1>\t\t\t\t<\/div>\n\t\t\t\t<\/div>\n\t\t\t\t<div class=\"elementor-element elementor-element-42c4653a elementor-widget-divider--view-line elementor-widget elementor-widget-divider\" data-id=\"42c4653a\" data-element_type=\"widget\" data-e-type=\"widget\" data-widget_type=\"divider.default\">\n\t\t\t\t<div class=\"elementor-widget-container\">\n\t\t\t\t\t\t\t<div class=\"elementor-divider\">\n\t\t\t<span class=\"elementor-divider-separator\">\n\t\t\t\t\t\t<\/span>\n\t\t<\/div>\n\t\t\t\t\t\t<\/div>\n\t\t\t\t<\/div>\n\t\t\t\t\t<\/div>\n\t\t<\/div>\n\t\t\t\t\t<\/div>\n\t\t<\/section>\n\t\t\t\t<section class=\"elementor-section elementor-top-section elementor-element elementor-element-6ba228a3 elementor-section-content-middle elementor-section-boxed elementor-section-height-default elementor-section-height-default\" data-id=\"6ba228a3\" data-element_type=\"section\" data-e-type=\"section\" data-settings=\"{&quot;background_background&quot;:&quot;classic&quot;}\">\n\t\t\t\t\t\t<div class=\"elementor-container elementor-column-gap-no\">\n\t\t\t\t\t<div class=\"elementor-column elementor-col-50 elementor-top-column elementor-element elementor-element-43ac823f\" data-id=\"43ac823f\" data-element_type=\"column\" data-e-type=\"column\">\n\t\t\t<div class=\"elementor-widget-wrap elementor-element-populated\">\n\t\t\t\t\t\t<div class=\"elementor-element elementor-element-5c4b9fdf elementor-widget elementor-widget-heading\" data-id=\"5c4b9fdf\" data-element_type=\"widget\" data-e-type=\"widget\" data-widget_type=\"heading.default\">\n\t\t\t\t<div class=\"elementor-widget-container\">\n\t\t\t\t\t<h2 class=\"elementor-heading-title elementor-size-default\">els nostres cursos s\u00f3n online<\/h2>\t\t\t\t<\/div>\n\t\t\t\t<\/div>\n\t\t\t\t<div class=\"elementor-element elementor-element-48998d28 elementor-widget elementor-widget-heading\" data-id=\"48998d28\" data-element_type=\"widget\" data-e-type=\"widget\" data-widget_type=\"heading.default\">\n\t\t\t\t<div class=\"elementor-widget-container\">\n\t\t\t\t\t<h2 class=\"elementor-heading-title elementor-size-default\">Grups redu\u00efts<\/h2>\t\t\t\t<\/div>\n\t\t\t\t<\/div>\n\t\t\t\t<div class=\"elementor-element elementor-element-11d4a52 elementor-widget-divider--view-line elementor-widget elementor-widget-divider\" data-id=\"11d4a52\" data-element_type=\"widget\" data-e-type=\"widget\" data-widget_type=\"divider.default\">\n\t\t\t\t<div class=\"elementor-widget-container\">\n\t\t\t\t\t\t\t<div class=\"elementor-divider\">\n\t\t\t<span class=\"elementor-divider-separator\">\n\t\t\t\t\t\t<\/span>\n\t\t<\/div>\n\t\t\t\t\t\t<\/div>\n\t\t\t\t<\/div>\n\t\t\t\t<div class=\"elementor-element elementor-element-43c67fe8 elementor-widget elementor-widget-text-editor\" data-id=\"43c67fe8\" data-element_type=\"widget\" data-e-type=\"widget\" data-widget_type=\"text-editor.default\">\n\t\t\t\t<div class=\"elementor-widget-container\">\n\t\t\t\t\t\t\t\t\t<p>Uneix-te al nostre Curs de Speaking amb places limitades per a 2-3 estudiants que comparteixen nivell i perfil similar.<\/p><p>T&#039;oferim una experi\u00e8ncia intensa de 1 hora a la setmana, amb activitats pr\u00e0ctiques opcionals per enfortir la teva <strong>habilitat<\/strong> <strong>comunicativa<\/strong>.<\/p><p>Aquest curs online s&#039;enfoca en un 80%-100% de comunicaci\u00f3 en angl\u00e8s (depenent de la seguretat, el nivell i la petici\u00f3 de l&#039;alumne).<\/p><p>Amb un ambient relaxat i \u00e8mfasi en la flu\u00efdesa, el nostre objectiu \u00e9s que parlis amb confian\u00e7a i progressis r\u00e0pidament.<\/p>\t\t\t\t\t\t\t\t<\/div>\n\t\t\t\t<\/div>\n\t\t\t\t\t<\/div>\n\t\t<\/div>\n\t\t\t\t<div class=\"elementor-column elementor-col-50 elementor-top-column elementor-element elementor-element-2df915db\" data-id=\"2df915db\" data-element_type=\"column\" data-e-type=\"column\">\n\t\t\t<div class=\"elementor-widget-wrap elementor-element-populated\">\n\t\t\t\t\t\t<div class=\"elementor-element elementor-element-4bb0a90c elementor-widget elementor-widget-image\" data-id=\"4bb0a90c\" data-element_type=\"widget\" data-e-type=\"widget\" data-widget_type=\"image.default\">\n\t\t\t\t<div class=\"elementor-widget-container\">\n\t\t\t\t\t\t\t\t\t\t\t\t\t\t\t<img fetchpriority=\"high\" decoding=\"async\" width=\"1500\" height=\"1000\" src=\"https:\/\/www.nessietheteacher.com\/wp-content\/uploads\/2023\/09\/woman-speaking-on-video-call-with-diverse-colleag-2022-12-15-18-14-06-utc.jpg\" class=\"attachment-full size-full wp-image-2233\" alt=\"NessieTheTeacher - Videoconfer\u00e8ncia\" srcset=\"https:\/\/www.nessietheteacher.com\/wp-content\/uploads\/2023\/09\/woman-speaking-on-video-call-with-diverse-colleag-2022-12-15-18-14-06-utc.jpg 1500w, https:\/\/www.nessietheteacher.com\/wp-content\/uploads\/2023\/09\/woman-speaking-on-video-call-with-diverse-colleag-2022-12-15-18-14-06-utc-300x200.jpg 300w, https:\/\/www.nessietheteacher.com\/wp-content\/uploads\/2023\/09\/woman-speaking-on-video-call-with-diverse-colleag-2022-12-15-18-14-06-utc-1024x683.jpg 1024w, https:\/\/www.nessietheteacher.com\/wp-content\/uploads\/2023\/09\/woman-speaking-on-video-call-with-diverse-colleag-2022-12-15-18-14-06-utc-768x512.jpg 768w, https:\/\/www.nessietheteacher.com\/wp-content\/uploads\/2023\/09\/woman-speaking-on-video-call-with-diverse-colleag-2022-12-15-18-14-06-utc-18x12.jpg 18w, https:\/\/www.nessietheteacher.com\/wp-content\/uploads\/2023\/09\/woman-speaking-on-video-call-with-diverse-colleag-2022-12-15-18-14-06-utc-60x40.jpg 60w, https:\/\/www.nessietheteacher.com\/wp-content\/uploads\/2023\/09\/woman-speaking-on-video-call-with-diverse-colleag-2022-12-15-18-14-06-utc-600x400.jpg 600w\" sizes=\"(max-width: 1500px) 100vw, 1500px\" \/>\t\t\t\t\t\t\t\t\t\t\t\t\t\t\t<\/div>\n\t\t\t\t<\/div>\n\t\t\t\t\t<\/div>\n\t\t<\/div>\n\t\t\t\t\t<\/div>\n\t\t<\/section>\n\t\t\t\t<section class=\"elementor-section elementor-top-section elementor-element elementor-element-6cb87917 elementor-section-boxed elementor-section-height-default elementor-section-height-default\" data-id=\"6cb87917\" data-element_type=\"section\" data-e-type=\"section\" data-settings=\"{&quot;background_background&quot;:&quot;classic&quot;}\">\n\t\t\t\t\t\t<div class=\"elementor-container elementor-column-gap-no\">\n\t\t\t\t\t<div class=\"elementor-column elementor-col-100 elementor-top-column elementor-element elementor-element-3b502c95\" data-id=\"3b502c95\" data-element_type=\"column\" data-e-type=\"column\">\n\t\t\t<div class=\"elementor-widget-wrap elementor-element-populated\">\n\t\t\t\t\t\t<div class=\"elementor-element elementor-element-40ab7bb0 elementor-widget elementor-widget-image\" data-id=\"40ab7bb0\" data-element_type=\"widget\" data-e-type=\"widget\" data-widget_type=\"image.default\">\n\t\t\t\t<div class=\"elementor-widget-container\">\n\t\t\t\t\t\t\t\t\t\t\t\t\t\t\t<img decoding=\"async\" src=\"https:\/\/www.nessietheteacher.com\/wp-content\/uploads\/elementor\/thumbs\/signage-2653_1280-qevmjktju2naw2mzud2w7h2iktmxb0k85gcozpj734.jpg\" title=\"NessieTheTeacher \u2013 Metre de Londres\" alt=\"NessieTheTeacher - Metre de Londres\" loading=\"lazy\" \/>\t\t\t\t\t\t\t\t\t\t\t\t\t\t\t<\/div>\n\t\t\t\t<\/div>\n\t\t\t\t<section class=\"elementor-section elementor-inner-section elementor-element elementor-element-383bb684 elementor-section-boxed elementor-section-height-default elementor-section-height-default\" data-id=\"383bb684\" data-element_type=\"section\" data-e-type=\"section\">\n\t\t\t\t\t\t<div class=\"elementor-container elementor-column-gap-no\">\n\t\t\t\t\t<div class=\"elementor-column elementor-col-50 elementor-inner-column elementor-element elementor-element-6c14bf9a\" data-id=\"6c14bf9a\" data-element_type=\"column\" data-e-type=\"column\">\n\t\t\t<div class=\"elementor-widget-wrap elementor-element-populated\">\n\t\t\t\t\t\t<div class=\"elementor-element elementor-element-a2fa6d2 elementor-widget elementor-widget-heading\" data-id=\"a2fa6d2\" data-element_type=\"widget\" data-e-type=\"widget\" data-widget_type=\"heading.default\">\n\t\t\t\t<div class=\"elementor-widget-container\">\n\t\t\t\t\t<h2 class=\"elementor-heading-title elementor-size-default\">Tarifes Competitives<\/h2>\t\t\t\t<\/div>\n\t\t\t\t<\/div>\n\t\t\t\t<div class=\"elementor-element elementor-element-7ee93a69 elementor-widget elementor-widget-heading\" data-id=\"7ee93a69\" data-element_type=\"widget\" data-e-type=\"widget\" data-widget_type=\"heading.default\">\n\t\t\t\t<div class=\"elementor-widget-container\">\n\t\t\t\t\t<h2 class=\"elementor-heading-title elementor-size-default\">Durada i preus<\/h2>\t\t\t\t<\/div>\n\t\t\t\t<\/div>\n\t\t\t\t<div class=\"elementor-element elementor-element-480c7a34 elementor-widget-divider--view-line elementor-widget elementor-widget-divider\" data-id=\"480c7a34\" data-element_type=\"widget\" data-e-type=\"widget\" data-widget_type=\"divider.default\">\n\t\t\t\t<div class=\"elementor-widget-container\">\n\t\t\t\t\t\t\t<div class=\"elementor-divider\">\n\t\t\t<span class=\"elementor-divider-separator\">\n\t\t\t\t\t\t<\/span>\n\t\t<\/div>\n\t\t\t\t\t\t<\/div>\n\t\t\t\t<\/div>\n\t\t\t\t\t<\/div>\n\t\t<\/div>\n\t\t\t\t<div class=\"elementor-column elementor-col-50 elementor-inner-column elementor-element elementor-element-2146846c\" data-id=\"2146846c\" data-element_type=\"column\" data-e-type=\"column\">\n\t\t\t<div class=\"elementor-widget-wrap elementor-element-populated\">\n\t\t\t\t\t\t<div class=\"elementor-element elementor-element-340136bc elementor-widget elementor-widget-text-editor\" data-id=\"340136bc\" data-element_type=\"widget\" data-e-type=\"widget\" data-widget_type=\"text-editor.default\">\n\t\t\t\t<div class=\"elementor-widget-container\">\n\t\t\t\t\t\t\t\t\t<ul>\n<li style=\"list-style-type: none;\">\n<\/li>\n<ul>\n<li><strong>El curs s&#039;est\u00e9n<\/strong> des del setembre fins al juny, amb la possibilitat d&#039;unir-se en qualsevol moment (fins a tres persones).<\/li>\n<\/ul>\n<ul>\n<li><strong style=\"font-style: inherit;\">El preu del curs grupal<\/strong><span style=\"font-style: inherit; font-weight: inherit;\"> \u00e9s de 75\u20ac\/mes<\/span><\/li>\n<\/ul>\n<ul>\n<li><span style=\"font-style: inherit; font-weight: inherit;\">Per <\/span><b style=\"font-style: inherit;\">classes individuals<\/b><span style=\"font-style: inherit; font-weight: inherit;\">, el preu \u00e9s de 100\u20ac\/mes.<\/span><\/li>\n<\/ul>\n<\/ul>\t\t\t\t\t\t\t\t<\/div>\n\t\t\t\t<\/div>\n\t\t\t\t\t<\/div>\n\t\t<\/div>\n\t\t\t\t\t<\/div>\n\t\t<\/section>\n\t\t\t\t\t<\/div>\n\t\t<\/div>\n\t\t\t\t\t<\/div>\n\t\t<\/section>\n\t\t\t\t<section class=\"elementor-section elementor-top-section elementor-element elementor-element-23782b5 elementor-section-boxed elementor-section-height-default elementor-section-height-default\" data-id=\"23782b5\" data-element_type=\"section\" data-e-type=\"section\" data-settings=\"{&quot;background_background&quot;:&quot;classic&quot;}\">\n\t\t\t\t\t\t<div class=\"elementor-container elementor-column-gap-no\">\n\t\t\t\t\t<div class=\"elementor-column elementor-col-100 elementor-top-column elementor-element elementor-element-2e5b3793\" data-id=\"2e5b3793\" data-element_type=\"column\" data-e-type=\"column\">\n\t\t\t<div class=\"elementor-widget-wrap elementor-element-populated\">\n\t\t\t\t\t\t<div class=\"elementor-element elementor-element-7dacdb39 elementor-widget elementor-widget-heading\" data-id=\"7dacdb39\" data-element_type=\"widget\" data-e-type=\"widget\" data-widget_type=\"heading.default\">\n\t\t\t\t<div class=\"elementor-widget-container\">\n\t\t\t\t\t<h3 class=\"elementor-heading-title elementor-size-default\">Millora les teves habilitats de conversa<\/h3>\t\t\t\t<\/div>\n\t\t\t\t<\/div>\n\t\t\t\t<div class=\"elementor-element elementor-element-38af0237 elementor-widget elementor-widget-text-editor\" data-id=\"38af0237\" data-element_type=\"widget\" data-e-type=\"widget\" data-widget_type=\"text-editor.default\">\n\t\t\t\t<div class=\"elementor-widget-container\">\n\t\t\t\t\t\t\t\t\t<p>Descobreix un curs de Speaking dissenyat per impulsar les teves habilitats de conversa en angl\u00e8s. Inscriu-te i parla amb confian\u00e7a des del primer dia!<\/p>\t\t\t\t\t\t\t\t<\/div>\n\t\t\t\t<\/div>\n\t\t\t\t\t<\/div>\n\t\t<\/div>\n\t\t\t\t\t<\/div>\n\t\t<\/section>\n\t\t\t\t<\/div>","protected":false},"excerpt":{"rendered":"<p>Curso de speaking nuestros cursos son online Grupos reducidos \u00danete a nuestro Curso de Speaking con plazas limitadas para 2-3 estudiantes que comparten nivel y perfil similar. Te ofrecemos una experiencia intensa de 1 hora a la semana, con actividades pr\u00e1cticas opcionales para fortalecer tu habilidad comunicativa. Este curso online se enfoca en un 80%-100% [&hellip;]<\/p>\n","protected":false},"author":1,"featured_media":0,"parent":0,"menu_order":7,"comment_status":"closed","ping_status":"closed","template":"","meta":{"site-sidebar-layout":"no-sidebar","site-content-layout":"page-builder","ast-site-content-layout":"full-width-container","site-content-style":"default","site-sidebar-style":"default","ast-global-header-display":"","ast-banner-title-visibility":"","ast-main-header-display":"","ast-hfb-above-header-display":"","ast-hfb-below-header-display":"","ast-hfb-mobile-header-display":"","site-post-title":"disabled","ast-breadcrumbs-content":"","ast-featured-img":"disabled","footer-sml-layout":"","ast-disable-related-posts":"","theme-transparent-header-meta":"default","adv-header-id-meta":"","stick-header-meta":"disabled","header-above-stick-meta":"","header-main-stick-meta":"","header-below-stick-meta":"","astra-migrate-meta-layouts":"set","ast-page-background-enabled":"default","ast-page-background-meta":{"desktop":{"background-color":"","background-image":"","background-repeat":"repeat","background-position":"center center","background-size":"auto","background-attachment":"scroll","background-type":"","background-media":"","overlay-type":"","overlay-color":"","overlay-opacity":"","overlay-gradient":""},"tablet":{"background-color":"","background-image":"","background-repeat":"repeat","background-position":"center center","background-size":"auto","background-attachment":"scroll","background-type":"","background-media":"","overlay-type":"","overlay-color":"","overlay-opacity":"","overlay-gradient":""},"mobile":{"background-color":"","background-image":"","background-repeat":"repeat","background-position":"center center","background-size":"auto","background-attachment":"scroll","background-type":"","background-media":"","overlay-type":"","overlay-color":"","overlay-opacity":"","overlay-gradient":""}},"ast-content-background-meta":{"desktop":{"background-color":"var(--ast-global-color-5)","background-image":"","background-repeat":"repeat","background-position":"center center","background-size":"auto","background-attachment":"scroll","background-type":"","background-media":"","overlay-type":"","overlay-color":"","overlay-opacity":"","overlay-gradient":""},"tablet":{"background-color":"var(--ast-global-color-5)","background-image":"","background-repeat":"repeat","background-position":"center center","background-size":"auto","background-attachment":"scroll","background-type":"","background-media":"","overlay-type":"","overlay-color":"","overlay-opacity":"","overlay-gradient":""},"mobile":{"background-color":"var(--ast-global-color-5)","background-image":"","background-repeat":"repeat","background-position":"center center","background-size":"auto","background-attachment":"scroll","background-type":"","background-media":"","overlay-type":"","overlay-color":"","overlay-opacity":"","overlay-gradient":""}},"_joinchat":[],"footnotes":""},"class_list":["post-319","page","type-page","status-publish","hentry"],"yoast_head":"<!-- This site is optimized with the Yoast SEO plugin v27.4 - https:\/\/yoast.com\/product\/yoast-seo-wordpress\/ -->\n<title>Curso de speaking - NessieTheTeacher<\/title>\n<meta name=\"description\" content=\"Mejora tus habilidades de conversaci\u00f3n en ingl\u00e9s con nuestro Curso de Speaking. \u00a1Comienza tu viaje hacia la fluidez hoy mismo!\" \/>\n<meta name=\"robots\" content=\"index, follow, max-snippet:-1, max-image-preview:large, max-video-preview:-1\" \/>\n<link rel=\"canonical\" href=\"https:\/\/www.nessietheteacher.com\/ca\/curso-speaking\/\" \/>\n<meta property=\"og:locale\" content=\"ca_ES\" \/>\n<meta property=\"og:type\" content=\"article\" \/>\n<meta property=\"og:title\" content=\"Curso de speaking - NessieTheTeacher\" \/>\n<meta property=\"og:description\" content=\"Mejora tus habilidades de conversaci\u00f3n en ingl\u00e9s con nuestro Curso de Speaking. \u00a1Comienza tu viaje hacia la fluidez hoy mismo!\" \/>\n<meta property=\"og:url\" content=\"https:\/\/www.nessietheteacher.com\/ca\/curso-speaking\/\" \/>\n<meta property=\"og:site_name\" content=\"NessieTheTeacher\" \/>\n<meta property=\"article:modified_time\" content=\"2025-07-20T12:46:21+00:00\" \/>\n<meta property=\"og:image\" content=\"https:\/\/www.nessietheteacher.com\/wp-content\/uploads\/2023\/09\/woman-speaking-on-video-call-with-diverse-colleag-2022-12-15-18-14-06-utc.jpg\" \/>\n\t<meta property=\"og:image:width\" content=\"1500\" \/>\n\t<meta property=\"og:image:height\" content=\"1000\" \/>\n\t<meta property=\"og:image:type\" content=\"image\/jpeg\" \/>\n<meta name=\"twitter:card\" content=\"summary_large_image\" \/>\n<meta name=\"twitter:label1\" content=\"Temps estimat de lectura\" \/>\n\t<meta name=\"twitter:data1\" content=\"1 minut\" \/>\n<script type=\"application\/ld+json\" class=\"yoast-schema-graph\">{\"@context\":\"https:\\\/\\\/schema.org\",\"@graph\":[{\"@type\":\"WebPage\",\"@id\":\"https:\\\/\\\/www.nessietheteacher.com\\\/curso-speaking\\\/\",\"url\":\"https:\\\/\\\/www.nessietheteacher.com\\\/curso-speaking\\\/\",\"name\":\"Curso de speaking - NessieTheTeacher\",\"isPartOf\":{\"@id\":\"https:\\\/\\\/www.nessietheteacher.com\\\/#website\"},\"primaryImageOfPage\":{\"@id\":\"https:\\\/\\\/www.nessietheteacher.com\\\/curso-speaking\\\/#primaryimage\"},\"image\":{\"@id\":\"https:\\\/\\\/www.nessietheteacher.com\\\/curso-speaking\\\/#primaryimage\"},\"thumbnailUrl\":\"https:\\\/\\\/www.nessietheteacher.com\\\/wp-content\\\/uploads\\\/2023\\\/09\\\/woman-speaking-on-video-call-with-diverse-colleag-2022-12-15-18-14-06-utc.jpg\",\"datePublished\":\"2023-08-14T11:44:05+00:00\",\"dateModified\":\"2025-07-20T12:46:21+00:00\",\"description\":\"Mejora tus habilidades de conversaci\u00f3n en ingl\u00e9s con nuestro Curso de Speaking. \u00a1Comienza tu viaje hacia la fluidez hoy mismo!\",\"breadcrumb\":{\"@id\":\"https:\\\/\\\/www.nessietheteacher.com\\\/curso-speaking\\\/#breadcrumb\"},\"inLanguage\":\"ca\",\"potentialAction\":[{\"@type\":\"ReadAction\",\"target\":[\"https:\\\/\\\/www.nessietheteacher.com\\\/curso-speaking\\\/\"]}]},{\"@type\":\"ImageObject\",\"inLanguage\":\"ca\",\"@id\":\"https:\\\/\\\/www.nessietheteacher.com\\\/curso-speaking\\\/#primaryimage\",\"url\":\"https:\\\/\\\/www.nessietheteacher.com\\\/wp-content\\\/uploads\\\/2023\\\/09\\\/woman-speaking-on-video-call-with-diverse-colleag-2022-12-15-18-14-06-utc.jpg\",\"contentUrl\":\"https:\\\/\\\/www.nessietheteacher.com\\\/wp-content\\\/uploads\\\/2023\\\/09\\\/woman-speaking-on-video-call-with-diverse-colleag-2022-12-15-18-14-06-utc.jpg\"},{\"@type\":\"BreadcrumbList\",\"@id\":\"https:\\\/\\\/www.nessietheteacher.com\\\/curso-speaking\\\/#breadcrumb\",\"itemListElement\":[{\"@type\":\"ListItem\",\"position\":1,\"name\":\"Home\",\"item\":\"https:\\\/\\\/www.nessietheteacher.com\\\/\"},{\"@type\":\"ListItem\",\"position\":2,\"name\":\"Curso de speaking\"}]},{\"@type\":\"WebSite\",\"@id\":\"https:\\\/\\\/www.nessietheteacher.com\\\/#website\",\"url\":\"https:\\\/\\\/www.nessietheteacher.com\\\/\",\"name\":\"NessieTheTeacher\",\"description\":\"M\u00e9todo innovador de ense\u00f1anza del ingl\u00e9s\",\"publisher\":{\"@id\":\"https:\\\/\\\/www.nessietheteacher.com\\\/#organization\"},\"potentialAction\":[{\"@type\":\"SearchAction\",\"target\":{\"@type\":\"EntryPoint\",\"urlTemplate\":\"https:\\\/\\\/www.nessietheteacher.com\\\/?s={search_term_string}\"},\"query-input\":{\"@type\":\"PropertyValueSpecification\",\"valueRequired\":true,\"valueName\":\"search_term_string\"}}],\"inLanguage\":\"ca\"},{\"@type\":\"Organization\",\"@id\":\"https:\\\/\\\/www.nessietheteacher.com\\\/#organization\",\"name\":\"NessieTheTeacher\",\"url\":\"https:\\\/\\\/www.nessietheteacher.com\\\/\",\"logo\":{\"@type\":\"ImageObject\",\"inLanguage\":\"ca\",\"@id\":\"https:\\\/\\\/www.nessietheteacher.com\\\/#\\\/schema\\\/logo\\\/image\\\/\",\"url\":\"https:\\\/\\\/www.nessietheteacher.com\\\/wp-content\\\/uploads\\\/2023\\\/08\\\/Logo_10x10.png\",\"contentUrl\":\"https:\\\/\\\/www.nessietheteacher.com\\\/wp-content\\\/uploads\\\/2023\\\/08\\\/Logo_10x10.png\",\"width\":1182,\"height\":1192,\"caption\":\"NessieTheTeacher\"},\"image\":{\"@id\":\"https:\\\/\\\/www.nessietheteacher.com\\\/#\\\/schema\\\/logo\\\/image\\\/\"},\"sameAs\":[\"https:\\\/\\\/www.instagram.com\\\/nessietheteacher\\\/\"]}]}<\/script>\n<!-- \/ Yoast SEO plugin. -->","yoast_head_json":{"title":"Curs d&#039;speaking - NessieTheTeacher","description":"Millora les teves habilitats de conversa en angl\u00e8s amb el nostre Curs de Speaking. Comen\u00e7a el teu viatge cap a la flu\u00efdesa avui mateix!","robots":{"index":"index","follow":"follow","max-snippet":"max-snippet:-1","max-image-preview":"max-image-preview:large","max-video-preview":"max-video-preview:-1"},"canonical":"https:\/\/www.nessietheteacher.com\/ca\/curso-speaking\/","og_locale":"ca_ES","og_type":"article","og_title":"Curso de speaking - NessieTheTeacher","og_description":"Mejora tus habilidades de conversaci\u00f3n en ingl\u00e9s con nuestro Curso de Speaking. \u00a1Comienza tu viaje hacia la fluidez hoy mismo!","og_url":"https:\/\/www.nessietheteacher.com\/ca\/curso-speaking\/","og_site_name":"NessieTheTeacher","article_modified_time":"2025-07-20T12:46:21+00:00","og_image":[{"width":1500,"height":1000,"url":"https:\/\/www.nessietheteacher.com\/wp-content\/uploads\/2023\/09\/woman-speaking-on-video-call-with-diverse-colleag-2022-12-15-18-14-06-utc.jpg","type":"image\/jpeg"}],"twitter_card":"summary_large_image","twitter_misc":{"Temps estimat de lectura":"1 minut"},"schema":{"@context":"https:\/\/schema.org","@graph":[{"@type":"WebPage","@id":"https:\/\/www.nessietheteacher.com\/curso-speaking\/","url":"https:\/\/www.nessietheteacher.com\/curso-speaking\/","name":"Curs d&#039;speaking - NessieTheTeacher","isPartOf":{"@id":"https:\/\/www.nessietheteacher.com\/#website"},"primaryImageOfPage":{"@id":"https:\/\/www.nessietheteacher.com\/curso-speaking\/#primaryimage"},"image":{"@id":"https:\/\/www.nessietheteacher.com\/curso-speaking\/#primaryimage"},"thumbnailUrl":"https:\/\/www.nessietheteacher.com\/wp-content\/uploads\/2023\/09\/woman-speaking-on-video-call-with-diverse-colleag-2022-12-15-18-14-06-utc.jpg","datePublished":"2023-08-14T11:44:05+00:00","dateModified":"2025-07-20T12:46:21+00:00","description":"Millora les teves habilitats de conversa en angl\u00e8s amb el nostre Curs de Speaking. Comen\u00e7a el teu viatge cap a la flu\u00efdesa avui mateix!","breadcrumb":{"@id":"https:\/\/www.nessietheteacher.com\/curso-speaking\/#breadcrumb"},"inLanguage":"ca","potentialAction":[{"@type":"ReadAction","target":["https:\/\/www.nessietheteacher.com\/curso-speaking\/"]}]},{"@type":"ImageObject","inLanguage":"ca","@id":"https:\/\/www.nessietheteacher.com\/curso-speaking\/#primaryimage","url":"https:\/\/www.nessietheteacher.com\/wp-content\/uploads\/2023\/09\/woman-speaking-on-video-call-with-diverse-colleag-2022-12-15-18-14-06-utc.jpg","contentUrl":"https:\/\/www.nessietheteacher.com\/wp-content\/uploads\/2023\/09\/woman-speaking-on-video-call-with-diverse-colleag-2022-12-15-18-14-06-utc.jpg"},{"@type":"BreadcrumbList","@id":"https:\/\/www.nessietheteacher.com\/curso-speaking\/#breadcrumb","itemListElement":[{"@type":"ListItem","position":1,"name":"Home","item":"https:\/\/www.nessietheteacher.com\/"},{"@type":"ListItem","position":2,"name":"Curso de speaking"}]},{"@type":"WebSite","@id":"https:\/\/www.nessietheteacher.com\/#website","url":"https:\/\/www.nessietheteacher.com\/","name":"NessieTheTeacher","description":"M\u00e8tode innovador d&#039;ensenyament de l&#039;angl\u00e8s","publisher":{"@id":"https:\/\/www.nessietheteacher.com\/#organization"},"potentialAction":[{"@type":"SearchAction","target":{"@type":"EntryPoint","urlTemplate":"https:\/\/www.nessietheteacher.com\/?s={search_term_string}"},"query-input":{"@type":"PropertyValueSpecification","valueRequired":true,"valueName":"search_term_string"}}],"inLanguage":"ca"},{"@type":"Organization","@id":"https:\/\/www.nessietheteacher.com\/#organization","name":"NessieTheTeacher","url":"https:\/\/www.nessietheteacher.com\/","logo":{"@type":"ImageObject","inLanguage":"ca","@id":"https:\/\/www.nessietheteacher.com\/#\/schema\/logo\/image\/","url":"https:\/\/www.nessietheteacher.com\/wp-content\/uploads\/2023\/08\/Logo_10x10.png","contentUrl":"https:\/\/www.nessietheteacher.com\/wp-content\/uploads\/2023\/08\/Logo_10x10.png","width":1182,"height":1192,"caption":"NessieTheTeacher"},"image":{"@id":"https:\/\/www.nessietheteacher.com\/#\/schema\/logo\/image\/"},"sameAs":["https:\/\/www.instagram.com\/nessietheteacher\/"]}]}},"_links":{"self":[{"href":"https:\/\/www.nessietheteacher.com\/ca\/wp-json\/wp\/v2\/pages\/319","targetHints":{"allow":["GET"]}}],"collection":[{"href":"https:\/\/www.nessietheteacher.com\/ca\/wp-json\/wp\/v2\/pages"}],"about":[{"href":"https:\/\/www.nessietheteacher.com\/ca\/wp-json\/wp\/v2\/types\/page"}],"author":[{"embeddable":true,"href":"https:\/\/www.nessietheteacher.com\/ca\/wp-json\/wp\/v2\/users\/1"}],"replies":[{"embeddable":true,"href":"https:\/\/www.nessietheteacher.com\/ca\/wp-json\/wp\/v2\/comments?post=319"}],"version-history":[{"count":60,"href":"https:\/\/www.nessietheteacher.com\/ca\/wp-json\/wp\/v2\/pages\/319\/revisions"}],"predecessor-version":[{"id":4783,"href":"https:\/\/www.nessietheteacher.com\/ca\/wp-json\/wp\/v2\/pages\/319\/revisions\/4783"}],"wp:attachment":[{"href":"https:\/\/www.nessietheteacher.com\/ca\/wp-json\/wp\/v2\/media?parent=319"}],"curies":[{"name":"wp","href":"https:\/\/api.w.org\/{rel}","templated":true}]}}