{"id":315,"date":"2023-08-14T13:42:54","date_gmt":"2023-08-14T11:42:54","guid":{"rendered":"http:\/\/www.nessietheteacher.com\/?page_id=315"},"modified":"2025-10-17T07:59:12","modified_gmt":"2025-10-17T05:59:12","slug":"refuerzo-escolar","status":"publish","type":"page","link":"https:\/\/www.nessietheteacher.com\/ca\/refuerzo-escolar\/","title":{"rendered":"Refor\u00e7 escolar"},"content":{"rendered":"<div data-elementor-type=\"wp-page\" data-elementor-id=\"315\" class=\"elementor elementor-315\" data-elementor-post-type=\"page\">\n\t\t\t\t\t\t<section class=\"elementor-section elementor-top-section elementor-element elementor-element-28ee5f1 elementor-section-height-min-height elementor-section-boxed elementor-section-height-default elementor-section-items-middle\" data-id=\"28ee5f1\" data-element_type=\"section\" data-e-type=\"section\" data-settings=\"{&quot;background_background&quot;:&quot;classic&quot;}\">\n\t\t\t\t\t\t\t<div class=\"elementor-background-overlay\"><\/div>\n\t\t\t\t\t\t\t<div class=\"elementor-container elementor-column-gap-no\">\n\t\t\t\t\t<div class=\"elementor-column elementor-col-100 elementor-top-column elementor-element elementor-element-6ce02bd6\" data-id=\"6ce02bd6\" data-element_type=\"column\" data-e-type=\"column\">\n\t\t\t<div class=\"elementor-widget-wrap elementor-element-populated\">\n\t\t\t\t\t\t<div class=\"elementor-element elementor-element-628e8a0c elementor-widget elementor-widget-heading\" data-id=\"628e8a0c\" data-element_type=\"widget\" data-e-type=\"widget\" data-widget_type=\"heading.default\">\n\t\t\t\t<div class=\"elementor-widget-container\">\n\t\t\t\t\t<h1 class=\"elementor-heading-title elementor-size-default\">Refor\u00e7 escolar<\/h1>\t\t\t\t<\/div>\n\t\t\t\t<\/div>\n\t\t\t\t<div class=\"elementor-element elementor-element-29e49ee3 elementor-widget-divider--view-line elementor-widget elementor-widget-divider\" data-id=\"29e49ee3\" data-element_type=\"widget\" data-e-type=\"widget\" data-widget_type=\"divider.default\">\n\t\t\t\t<div class=\"elementor-widget-container\">\n\t\t\t\t\t\t\t<div class=\"elementor-divider\">\n\t\t\t<span class=\"elementor-divider-separator\">\n\t\t\t\t\t\t<\/span>\n\t\t<\/div>\n\t\t\t\t\t\t<\/div>\n\t\t\t\t<\/div>\n\t\t\t\t\t<\/div>\n\t\t<\/div>\n\t\t\t\t\t<\/div>\n\t\t<\/section>\n\t\t\t\t<section class=\"elementor-section elementor-top-section elementor-element elementor-element-2c9bd8ba elementor-section-content-middle elementor-section-boxed elementor-section-height-default elementor-section-height-default\" data-id=\"2c9bd8ba\" data-element_type=\"section\" data-e-type=\"section\" data-settings=\"{&quot;background_background&quot;:&quot;classic&quot;}\">\n\t\t\t\t\t\t<div class=\"elementor-container elementor-column-gap-no\">\n\t\t\t\t\t<div class=\"elementor-column elementor-col-50 elementor-top-column elementor-element elementor-element-78ea94f9\" data-id=\"78ea94f9\" data-element_type=\"column\" data-e-type=\"column\">\n\t\t\t<div class=\"elementor-widget-wrap elementor-element-populated\">\n\t\t\t\t\t\t<div class=\"elementor-element elementor-element-28b133dd elementor-widget elementor-widget-heading\" data-id=\"28b133dd\" data-element_type=\"widget\" data-e-type=\"widget\" data-widget_type=\"heading.default\">\n\t\t\t\t<div class=\"elementor-widget-container\">\n\t\t\t\t\t<h2 class=\"elementor-heading-title elementor-size-default\">els nostres cursos s\u00f3n online<\/h2>\t\t\t\t<\/div>\n\t\t\t\t<\/div>\n\t\t\t\t<div class=\"elementor-element elementor-element-5fa55a73 elementor-widget elementor-widget-heading\" data-id=\"5fa55a73\" data-element_type=\"widget\" data-e-type=\"widget\" data-widget_type=\"heading.default\">\n\t\t\t\t<div class=\"elementor-widget-container\">\n\t\t\t\t\t<h2 class=\"elementor-heading-title elementor-size-default\">Grups redu\u00efts<\/h2>\t\t\t\t<\/div>\n\t\t\t\t<\/div>\n\t\t\t\t<div class=\"elementor-element elementor-element-5248a08 elementor-widget-divider--view-line elementor-widget elementor-widget-divider\" data-id=\"5248a08\" data-element_type=\"widget\" data-e-type=\"widget\" data-widget_type=\"divider.default\">\n\t\t\t\t<div class=\"elementor-widget-container\">\n\t\t\t\t\t\t\t<div class=\"elementor-divider\">\n\t\t\t<span class=\"elementor-divider-separator\">\n\t\t\t\t\t\t<\/span>\n\t\t<\/div>\n\t\t\t\t\t\t<\/div>\n\t\t\t\t<\/div>\n\t\t\t\t<div class=\"elementor-element elementor-element-3f05b622 elementor-widget elementor-widget-text-editor\" data-id=\"3f05b622\" data-element_type=\"widget\" data-e-type=\"widget\" data-widget_type=\"text-editor.default\">\n\t\t\t\t<div class=\"elementor-widget-container\">\n\t\t\t\t\t\t\t\t\t<div>Oferim grups redu\u00efts per a estudiants a partir de 9 anys. M\u00e0xim 2 estudiants (3 excepcionalment) del mateix nivell escolar.<\/div><div>\u00a0<\/div><div>Utilitzem el mateix material que els alumnes utilitzen a classe i material did\u00e0ctic d&#039;Oxford o Cambridge quan cal.<\/div><div>\u00a0<\/div><div>El curs est\u00e0 disponible des de setembre fins al juny, amb la flexibilitat d\u00b4unir-te en qualsevol moment, subjecte a disponibilitat.<\/div>\t\t\t\t\t\t\t\t<\/div>\n\t\t\t\t<\/div>\n\t\t\t\t\t<\/div>\n\t\t<\/div>\n\t\t\t\t<div class=\"elementor-column elementor-col-50 elementor-top-column elementor-element elementor-element-44310cdf\" data-id=\"44310cdf\" data-element_type=\"column\" data-e-type=\"column\">\n\t\t\t<div class=\"elementor-widget-wrap elementor-element-populated\">\n\t\t\t\t\t\t<div class=\"elementor-element elementor-element-5f7f1099 elementor-widget elementor-widget-image\" data-id=\"5f7f1099\" data-element_type=\"widget\" data-e-type=\"widget\" data-widget_type=\"image.default\">\n\t\t\t\t<div class=\"elementor-widget-container\">\n\t\t\t\t\t\t\t\t\t\t\t\t\t\t\t<img fetchpriority=\"high\" decoding=\"async\" width=\"1500\" height=\"1000\" src=\"https:\/\/www.nessietheteacher.com\/wp-content\/uploads\/2023\/09\/kid-with-laptop-and-headset-2022-04-25-13-07-07-utc.jpg\" class=\"attachment-full size-full wp-image-2228\" alt=\"NessieTheTeacher - Nen aprenent a dist\u00e0ncia\" srcset=\"https:\/\/www.nessietheteacher.com\/wp-content\/uploads\/2023\/09\/kid-with-laptop-and-headset-2022-04-25-13-07-07-utc.jpg 1500w, https:\/\/www.nessietheteacher.com\/wp-content\/uploads\/2023\/09\/kid-with-laptop-and-headset-2022-04-25-13-07-07-utc-300x200.jpg 300w, https:\/\/www.nessietheteacher.com\/wp-content\/uploads\/2023\/09\/kid-with-laptop-and-headset-2022-04-25-13-07-07-utc-1024x683.jpg 1024w, https:\/\/www.nessietheteacher.com\/wp-content\/uploads\/2023\/09\/kid-with-laptop-and-headset-2022-04-25-13-07-07-utc-768x512.jpg 768w, https:\/\/www.nessietheteacher.com\/wp-content\/uploads\/2023\/09\/kid-with-laptop-and-headset-2022-04-25-13-07-07-utc-18x12.jpg 18w, https:\/\/www.nessietheteacher.com\/wp-content\/uploads\/2023\/09\/kid-with-laptop-and-headset-2022-04-25-13-07-07-utc-60x40.jpg 60w, https:\/\/www.nessietheteacher.com\/wp-content\/uploads\/2023\/09\/kid-with-laptop-and-headset-2022-04-25-13-07-07-utc-600x400.jpg 600w\" sizes=\"(max-width: 1500px) 100vw, 1500px\" \/>\t\t\t\t\t\t\t\t\t\t\t\t\t\t\t<\/div>\n\t\t\t\t<\/div>\n\t\t\t\t\t<\/div>\n\t\t<\/div>\n\t\t\t\t\t<\/div>\n\t\t<\/section>\n\t\t\t\t<section class=\"elementor-section elementor-top-section elementor-element elementor-element-191dae73 elementor-section-boxed elementor-section-height-default elementor-section-height-default\" data-id=\"191dae73\" data-element_type=\"section\" data-e-type=\"section\" data-settings=\"{&quot;background_background&quot;:&quot;classic&quot;}\">\n\t\t\t\t\t\t<div class=\"elementor-container elementor-column-gap-no\">\n\t\t\t\t\t<div class=\"elementor-column elementor-col-100 elementor-top-column elementor-element elementor-element-2c865c57\" data-id=\"2c865c57\" data-element_type=\"column\" data-e-type=\"column\">\n\t\t\t<div class=\"elementor-widget-wrap elementor-element-populated\">\n\t\t\t\t\t\t<div class=\"elementor-element elementor-element-47a59302 elementor-widget elementor-widget-image\" data-id=\"47a59302\" data-element_type=\"widget\" data-e-type=\"widget\" data-widget_type=\"image.default\">\n\t\t\t\t<div class=\"elementor-widget-container\">\n\t\t\t\t\t\t\t\t\t\t\t\t\t\t\t<img decoding=\"async\" src=\"https:\/\/www.nessietheteacher.com\/wp-content\/uploads\/elementor\/thumbs\/online-distance-learning-child-on-laptop-webcam-o-2022-12-07-22-33-12-utc-qevmjktju2naw2mzud2w7h2iktmxb0k85gcozpj734.jpg\" title=\"NessieTheTeacher \u2013 Nena aprenent a dist\u00e0ncia\" alt=\"NessieTheTeacher - Nena aprenent a dist\u00e0ncia\" loading=\"lazy\" \/>\t\t\t\t\t\t\t\t\t\t\t\t\t\t\t<\/div>\n\t\t\t\t<\/div>\n\t\t\t\t<section class=\"elementor-section elementor-inner-section elementor-element elementor-element-34f3ccea elementor-section-boxed elementor-section-height-default elementor-section-height-default\" data-id=\"34f3ccea\" data-element_type=\"section\" data-e-type=\"section\">\n\t\t\t\t\t\t<div class=\"elementor-container elementor-column-gap-no\">\n\t\t\t\t\t<div class=\"elementor-column elementor-col-50 elementor-inner-column elementor-element elementor-element-84c853b\" data-id=\"84c853b\" data-element_type=\"column\" data-e-type=\"column\">\n\t\t\t<div class=\"elementor-widget-wrap elementor-element-populated\">\n\t\t\t\t\t\t<div class=\"elementor-element elementor-element-7018460 elementor-widget elementor-widget-heading\" data-id=\"7018460\" data-element_type=\"widget\" data-e-type=\"widget\" data-widget_type=\"heading.default\">\n\t\t\t\t<div class=\"elementor-widget-container\">\n\t\t\t\t\t<h2 class=\"elementor-heading-title elementor-size-default\">Tarifes Competitives<\/h2>\t\t\t\t<\/div>\n\t\t\t\t<\/div>\n\t\t\t\t<div class=\"elementor-element elementor-element-46f3d4d1 elementor-widget elementor-widget-heading\" data-id=\"46f3d4d1\" data-element_type=\"widget\" data-e-type=\"widget\" data-widget_type=\"heading.default\">\n\t\t\t\t<div class=\"elementor-widget-container\">\n\t\t\t\t\t<h2 class=\"elementor-heading-title elementor-size-default\">Preus<\/h2>\t\t\t\t<\/div>\n\t\t\t\t<\/div>\n\t\t\t\t<div class=\"elementor-element elementor-element-365e2ba8 elementor-widget-divider--view-line elementor-widget elementor-widget-divider\" data-id=\"365e2ba8\" data-element_type=\"widget\" data-e-type=\"widget\" data-widget_type=\"divider.default\">\n\t\t\t\t<div class=\"elementor-widget-container\">\n\t\t\t\t\t\t\t<div class=\"elementor-divider\">\n\t\t\t<span class=\"elementor-divider-separator\">\n\t\t\t\t\t\t<\/span>\n\t\t<\/div>\n\t\t\t\t\t\t<\/div>\n\t\t\t\t<\/div>\n\t\t\t\t\t<\/div>\n\t\t<\/div>\n\t\t\t\t<div class=\"elementor-column elementor-col-50 elementor-inner-column elementor-element elementor-element-46b9d561\" data-id=\"46b9d561\" data-element_type=\"column\" data-e-type=\"column\">\n\t\t\t<div class=\"elementor-widget-wrap elementor-element-populated\">\n\t\t\t\t\t\t<div class=\"elementor-element elementor-element-331cf4ca elementor-widget elementor-widget-text-editor\" data-id=\"331cf4ca\" data-element_type=\"widget\" data-e-type=\"widget\" data-widget_type=\"text-editor.default\">\n\t\t\t\t<div class=\"elementor-widget-container\">\n\t\t\t\t\t\t\t\t\t<ul><li style=\"list-style-type: none;\"><ul><li><strong>Per a classes en grup<\/strong>, el preu \u00e9s de 68\u20ac\/mes online.<\/li><li>Matr\u00edcula 40\u20ac (consulta les nostres promocions en curs).<\/li><\/ul><\/li><\/ul><p>\u00a0 \u00a0 \u00a0 \u00a0 \u00a0 \u00a0 \u2014\u2014<\/p><ul><li style=\"list-style-type: none;\"><ul><li><strong>Tamb\u00e9 fregim <a href=\"https:\/\/www.nessietheteacher.com\/ca\/privadas\/\" target=\"_blank\" rel=\"noopener\">classes privades<\/a><\/strong> individuals per a refor\u00e7 escolar per 100\u20ac\/mes en l\u00ednia.<\/li><\/ul><\/li><\/ul>\t\t\t\t\t\t\t\t<\/div>\n\t\t\t\t<\/div>\n\t\t\t\t\t<\/div>\n\t\t<\/div>\n\t\t\t\t\t<\/div>\n\t\t<\/section>\n\t\t\t\t\t<\/div>\n\t\t<\/div>\n\t\t\t\t\t<\/div>\n\t\t<\/section>\n\t\t\t\t<section class=\"elementor-section elementor-top-section elementor-element elementor-element-1eb21713 elementor-section-boxed elementor-section-height-default elementor-section-height-default\" data-id=\"1eb21713\" data-element_type=\"section\" data-e-type=\"section\" data-settings=\"{&quot;background_background&quot;:&quot;classic&quot;}\">\n\t\t\t\t\t\t<div class=\"elementor-container elementor-column-gap-no\">\n\t\t\t\t\t<div class=\"elementor-column elementor-col-100 elementor-top-column elementor-element elementor-element-3a9317d6\" data-id=\"3a9317d6\" data-element_type=\"column\" data-e-type=\"column\">\n\t\t\t<div class=\"elementor-widget-wrap elementor-element-populated\">\n\t\t\t\t\t\t<div class=\"elementor-element elementor-element-1026b08a elementor-widget elementor-widget-heading\" data-id=\"1026b08a\" data-element_type=\"widget\" data-e-type=\"widget\" data-widget_type=\"heading.default\">\n\t\t\t\t<div class=\"elementor-widget-container\">\n\t\t\t\t\t<h3 class=\"elementor-heading-title elementor-size-default\">Garantia de millora<\/h3>\t\t\t\t<\/div>\n\t\t\t\t<\/div>\n\t\t\t\t<div class=\"elementor-element elementor-element-2ef792e3 elementor-widget elementor-widget-text-editor\" data-id=\"2ef792e3\" data-element_type=\"widget\" data-e-type=\"widget\" data-widget_type=\"text-editor.default\">\n\t\t\t\t<div class=\"elementor-widget-container\">\n\t\t\t\t\t\t\t\t\t<p>Garantim que l&#039;alumne millorar\u00e0 la nota i la confian\u00e7a en un m\u00e0xim de 2 mesos de classes.<\/p>\t\t\t\t\t\t\t\t<\/div>\n\t\t\t\t<\/div>\n\t\t\t\t\t<\/div>\n\t\t<\/div>\n\t\t\t\t\t<\/div>\n\t\t<\/section>\n\t\t\t\t<\/div>","protected":false},"excerpt":{"rendered":"<p>Refuerzo escolar nuestros cursos son online Grupos reducidos Ofrecemos grupos reducidos para estudiantes a partir de 9 a\u00f1os. M\u00e1ximo 2 estudiantes (3 excepcionalmente) del mismo nivel escolar.\u00a0Utilizamos el mismo material que los alumnos utilizan en clase y material did\u00e1ctico de Oxford o Cambridge cuando es necesario.\u00a0El curso est\u00e1 disponible desde septiembre hasta junio, con la [&hellip;]<\/p>\n","protected":false},"author":1,"featured_media":0,"parent":0,"menu_order":4,"comment_status":"closed","ping_status":"closed","template":"","meta":{"site-sidebar-layout":"no-sidebar","site-content-layout":"page-builder","ast-site-content-layout":"full-width-container","site-content-style":"default","site-sidebar-style":"default","ast-global-header-display":"","ast-banner-title-visibility":"","ast-main-header-display":"","ast-hfb-above-header-display":"","ast-hfb-below-header-display":"","ast-hfb-mobile-header-display":"","site-post-title":"disabled","ast-breadcrumbs-content":"","ast-featured-img":"disabled","footer-sml-layout":"","ast-disable-related-posts":"","theme-transparent-header-meta":"default","adv-header-id-meta":"","stick-header-meta":"disabled","header-above-stick-meta":"","header-main-stick-meta":"","header-below-stick-meta":"","astra-migrate-meta-layouts":"set","ast-page-background-enabled":"default","ast-page-background-meta":{"desktop":{"background-color":"","background-image":"","background-repeat":"repeat","background-position":"center center","background-size":"auto","background-attachment":"scroll","background-type":"","background-media":"","overlay-type":"","overlay-color":"","overlay-opacity":"","overlay-gradient":""},"tablet":{"background-color":"","background-image":"","background-repeat":"repeat","background-position":"center center","background-size":"auto","background-attachment":"scroll","background-type":"","background-media":"","overlay-type":"","overlay-color":"","overlay-opacity":"","overlay-gradient":""},"mobile":{"background-color":"","background-image":"","background-repeat":"repeat","background-position":"center center","background-size":"auto","background-attachment":"scroll","background-type":"","background-media":"","overlay-type":"","overlay-color":"","overlay-opacity":"","overlay-gradient":""}},"ast-content-background-meta":{"desktop":{"background-color":"var(--ast-global-color-5)","background-image":"","background-repeat":"repeat","background-position":"center center","background-size":"auto","background-attachment":"scroll","background-type":"","background-media":"","overlay-type":"","overlay-color":"","overlay-opacity":"","overlay-gradient":""},"tablet":{"background-color":"var(--ast-global-color-5)","background-image":"","background-repeat":"repeat","background-position":"center center","background-size":"auto","background-attachment":"scroll","background-type":"","background-media":"","overlay-type":"","overlay-color":"","overlay-opacity":"","overlay-gradient":""},"mobile":{"background-color":"var(--ast-global-color-5)","background-image":"","background-repeat":"repeat","background-position":"center center","background-size":"auto","background-attachment":"scroll","background-type":"","background-media":"","overlay-type":"","overlay-color":"","overlay-opacity":"","overlay-gradient":""}},"_joinchat":[],"footnotes":""},"class_list":["post-315","page","type-page","status-publish","hentry"],"yoast_head":"<!-- This site is optimized with the Yoast SEO plugin v27.4 - https:\/\/yoast.com\/product\/yoast-seo-wordpress\/ -->\n<title>Refuerzo escolar - NessieTheTeacher<\/title>\n<meta name=\"description\" content=\"Refuerzo Escolar con NessieTheTeacher: Impulsa tu rendimiento acad\u00e9mico con nuestras clases dise\u00f1adas para el \u00e9xito. \u00a1Reg\u00edstrate ya!\" \/>\n<meta name=\"robots\" content=\"index, follow, max-snippet:-1, max-image-preview:large, max-video-preview:-1\" \/>\n<link rel=\"canonical\" href=\"https:\/\/www.nessietheteacher.com\/ca\/refuerzo-escolar\/\" \/>\n<meta property=\"og:locale\" content=\"ca_ES\" \/>\n<meta property=\"og:type\" content=\"article\" \/>\n<meta property=\"og:title\" content=\"Refuerzo escolar - NessieTheTeacher\" \/>\n<meta property=\"og:description\" content=\"Refuerzo Escolar con NessieTheTeacher: Impulsa tu rendimiento acad\u00e9mico con nuestras clases dise\u00f1adas para el \u00e9xito. \u00a1Reg\u00edstrate ya!\" \/>\n<meta property=\"og:url\" content=\"https:\/\/www.nessietheteacher.com\/ca\/refuerzo-escolar\/\" \/>\n<meta property=\"og:site_name\" content=\"NessieTheTeacher\" \/>\n<meta property=\"article:modified_time\" content=\"2025-10-17T05:59:12+00:00\" \/>\n<meta property=\"og:image\" content=\"https:\/\/www.nessietheteacher.com\/wp-content\/uploads\/2023\/09\/kid-with-laptop-and-headset-2022-04-25-13-07-07-utc.jpg\" \/>\n\t<meta property=\"og:image:width\" content=\"1500\" \/>\n\t<meta property=\"og:image:height\" content=\"1000\" \/>\n\t<meta property=\"og:image:type\" content=\"image\/jpeg\" \/>\n<meta name=\"twitter:card\" content=\"summary_large_image\" \/>\n<meta name=\"twitter:label1\" content=\"Temps estimat de lectura\" \/>\n\t<meta name=\"twitter:data1\" content=\"1 minut\" \/>\n<script type=\"application\/ld+json\" class=\"yoast-schema-graph\">{\"@context\":\"https:\\\/\\\/schema.org\",\"@graph\":[{\"@type\":\"WebPage\",\"@id\":\"https:\\\/\\\/www.nessietheteacher.com\\\/refuerzo-escolar\\\/\",\"url\":\"https:\\\/\\\/www.nessietheteacher.com\\\/refuerzo-escolar\\\/\",\"name\":\"Refuerzo escolar - NessieTheTeacher\",\"isPartOf\":{\"@id\":\"https:\\\/\\\/www.nessietheteacher.com\\\/#website\"},\"primaryImageOfPage\":{\"@id\":\"https:\\\/\\\/www.nessietheteacher.com\\\/refuerzo-escolar\\\/#primaryimage\"},\"image\":{\"@id\":\"https:\\\/\\\/www.nessietheteacher.com\\\/refuerzo-escolar\\\/#primaryimage\"},\"thumbnailUrl\":\"https:\\\/\\\/www.nessietheteacher.com\\\/wp-content\\\/uploads\\\/2023\\\/09\\\/kid-with-laptop-and-headset-2022-04-25-13-07-07-utc.jpg\",\"datePublished\":\"2023-08-14T11:42:54+00:00\",\"dateModified\":\"2025-10-17T05:59:12+00:00\",\"description\":\"Refuerzo Escolar con NessieTheTeacher: Impulsa tu rendimiento acad\u00e9mico con nuestras clases dise\u00f1adas para el \u00e9xito. \u00a1Reg\u00edstrate ya!\",\"breadcrumb\":{\"@id\":\"https:\\\/\\\/www.nessietheteacher.com\\\/refuerzo-escolar\\\/#breadcrumb\"},\"inLanguage\":\"ca\",\"potentialAction\":[{\"@type\":\"ReadAction\",\"target\":[\"https:\\\/\\\/www.nessietheteacher.com\\\/refuerzo-escolar\\\/\"]}]},{\"@type\":\"ImageObject\",\"inLanguage\":\"ca\",\"@id\":\"https:\\\/\\\/www.nessietheteacher.com\\\/refuerzo-escolar\\\/#primaryimage\",\"url\":\"https:\\\/\\\/www.nessietheteacher.com\\\/wp-content\\\/uploads\\\/2023\\\/09\\\/kid-with-laptop-and-headset-2022-04-25-13-07-07-utc.jpg\",\"contentUrl\":\"https:\\\/\\\/www.nessietheteacher.com\\\/wp-content\\\/uploads\\\/2023\\\/09\\\/kid-with-laptop-and-headset-2022-04-25-13-07-07-utc.jpg\"},{\"@type\":\"BreadcrumbList\",\"@id\":\"https:\\\/\\\/www.nessietheteacher.com\\\/refuerzo-escolar\\\/#breadcrumb\",\"itemListElement\":[{\"@type\":\"ListItem\",\"position\":1,\"name\":\"Home\",\"item\":\"https:\\\/\\\/www.nessietheteacher.com\\\/\"},{\"@type\":\"ListItem\",\"position\":2,\"name\":\"Refuerzo escolar\"}]},{\"@type\":\"WebSite\",\"@id\":\"https:\\\/\\\/www.nessietheteacher.com\\\/#website\",\"url\":\"https:\\\/\\\/www.nessietheteacher.com\\\/\",\"name\":\"NessieTheTeacher\",\"description\":\"M\u00e9todo innovador de ense\u00f1anza del ingl\u00e9s\",\"publisher\":{\"@id\":\"https:\\\/\\\/www.nessietheteacher.com\\\/#organization\"},\"potentialAction\":[{\"@type\":\"SearchAction\",\"target\":{\"@type\":\"EntryPoint\",\"urlTemplate\":\"https:\\\/\\\/www.nessietheteacher.com\\\/?s={search_term_string}\"},\"query-input\":{\"@type\":\"PropertyValueSpecification\",\"valueRequired\":true,\"valueName\":\"search_term_string\"}}],\"inLanguage\":\"ca\"},{\"@type\":\"Organization\",\"@id\":\"https:\\\/\\\/www.nessietheteacher.com\\\/#organization\",\"name\":\"NessieTheTeacher\",\"url\":\"https:\\\/\\\/www.nessietheteacher.com\\\/\",\"logo\":{\"@type\":\"ImageObject\",\"inLanguage\":\"ca\",\"@id\":\"https:\\\/\\\/www.nessietheteacher.com\\\/#\\\/schema\\\/logo\\\/image\\\/\",\"url\":\"https:\\\/\\\/www.nessietheteacher.com\\\/wp-content\\\/uploads\\\/2023\\\/08\\\/Logo_10x10.png\",\"contentUrl\":\"https:\\\/\\\/www.nessietheteacher.com\\\/wp-content\\\/uploads\\\/2023\\\/08\\\/Logo_10x10.png\",\"width\":1182,\"height\":1192,\"caption\":\"NessieTheTeacher\"},\"image\":{\"@id\":\"https:\\\/\\\/www.nessietheteacher.com\\\/#\\\/schema\\\/logo\\\/image\\\/\"},\"sameAs\":[\"https:\\\/\\\/www.instagram.com\\\/nessietheteacher\\\/\"]}]}<\/script>\n<!-- \/ Yoast SEO plugin. -->","yoast_head_json":{"title":"Refor\u00e7 escolar - NessieTheTeacher","description":"Refor\u00e7 Escolar amb NessieTheTeacher: Impulsa el teu rendiment acad\u00e8mic amb les nostres classes dissenyades per a l\u00e8xit. Registra&#039;t ja!","robots":{"index":"index","follow":"follow","max-snippet":"max-snippet:-1","max-image-preview":"max-image-preview:large","max-video-preview":"max-video-preview:-1"},"canonical":"https:\/\/www.nessietheteacher.com\/ca\/refuerzo-escolar\/","og_locale":"ca_ES","og_type":"article","og_title":"Refuerzo escolar - NessieTheTeacher","og_description":"Refuerzo Escolar con NessieTheTeacher: Impulsa tu rendimiento acad\u00e9mico con nuestras clases dise\u00f1adas para el \u00e9xito. \u00a1Reg\u00edstrate ya!","og_url":"https:\/\/www.nessietheteacher.com\/ca\/refuerzo-escolar\/","og_site_name":"NessieTheTeacher","article_modified_time":"2025-10-17T05:59:12+00:00","og_image":[{"width":1500,"height":1000,"url":"https:\/\/www.nessietheteacher.com\/wp-content\/uploads\/2023\/09\/kid-with-laptop-and-headset-2022-04-25-13-07-07-utc.jpg","type":"image\/jpeg"}],"twitter_card":"summary_large_image","twitter_misc":{"Temps estimat de lectura":"1 minut"},"schema":{"@context":"https:\/\/schema.org","@graph":[{"@type":"WebPage","@id":"https:\/\/www.nessietheteacher.com\/refuerzo-escolar\/","url":"https:\/\/www.nessietheteacher.com\/refuerzo-escolar\/","name":"Refor\u00e7 escolar - NessieTheTeacher","isPartOf":{"@id":"https:\/\/www.nessietheteacher.com\/#website"},"primaryImageOfPage":{"@id":"https:\/\/www.nessietheteacher.com\/refuerzo-escolar\/#primaryimage"},"image":{"@id":"https:\/\/www.nessietheteacher.com\/refuerzo-escolar\/#primaryimage"},"thumbnailUrl":"https:\/\/www.nessietheteacher.com\/wp-content\/uploads\/2023\/09\/kid-with-laptop-and-headset-2022-04-25-13-07-07-utc.jpg","datePublished":"2023-08-14T11:42:54+00:00","dateModified":"2025-10-17T05:59:12+00:00","description":"Refor\u00e7 Escolar amb NessieTheTeacher: Impulsa el teu rendiment acad\u00e8mic amb les nostres classes dissenyades per a l\u00e8xit. Registra&#039;t ja!","breadcrumb":{"@id":"https:\/\/www.nessietheteacher.com\/refuerzo-escolar\/#breadcrumb"},"inLanguage":"ca","potentialAction":[{"@type":"ReadAction","target":["https:\/\/www.nessietheteacher.com\/refuerzo-escolar\/"]}]},{"@type":"ImageObject","inLanguage":"ca","@id":"https:\/\/www.nessietheteacher.com\/refuerzo-escolar\/#primaryimage","url":"https:\/\/www.nessietheteacher.com\/wp-content\/uploads\/2023\/09\/kid-with-laptop-and-headset-2022-04-25-13-07-07-utc.jpg","contentUrl":"https:\/\/www.nessietheteacher.com\/wp-content\/uploads\/2023\/09\/kid-with-laptop-and-headset-2022-04-25-13-07-07-utc.jpg"},{"@type":"BreadcrumbList","@id":"https:\/\/www.nessietheteacher.com\/refuerzo-escolar\/#breadcrumb","itemListElement":[{"@type":"ListItem","position":1,"name":"Home","item":"https:\/\/www.nessietheteacher.com\/"},{"@type":"ListItem","position":2,"name":"Refuerzo escolar"}]},{"@type":"WebSite","@id":"https:\/\/www.nessietheteacher.com\/#website","url":"https:\/\/www.nessietheteacher.com\/","name":"NessieTheTeacher","description":"M\u00e8tode innovador d&#039;ensenyament de l&#039;angl\u00e8s","publisher":{"@id":"https:\/\/www.nessietheteacher.com\/#organization"},"potentialAction":[{"@type":"SearchAction","target":{"@type":"EntryPoint","urlTemplate":"https:\/\/www.nessietheteacher.com\/?s={search_term_string}"},"query-input":{"@type":"PropertyValueSpecification","valueRequired":true,"valueName":"search_term_string"}}],"inLanguage":"ca"},{"@type":"Organization","@id":"https:\/\/www.nessietheteacher.com\/#organization","name":"NessieTheTeacher","url":"https:\/\/www.nessietheteacher.com\/","logo":{"@type":"ImageObject","inLanguage":"ca","@id":"https:\/\/www.nessietheteacher.com\/#\/schema\/logo\/image\/","url":"https:\/\/www.nessietheteacher.com\/wp-content\/uploads\/2023\/08\/Logo_10x10.png","contentUrl":"https:\/\/www.nessietheteacher.com\/wp-content\/uploads\/2023\/08\/Logo_10x10.png","width":1182,"height":1192,"caption":"NessieTheTeacher"},"image":{"@id":"https:\/\/www.nessietheteacher.com\/#\/schema\/logo\/image\/"},"sameAs":["https:\/\/www.instagram.com\/nessietheteacher\/"]}]}},"_links":{"self":[{"href":"https:\/\/www.nessietheteacher.com\/ca\/wp-json\/wp\/v2\/pages\/315","targetHints":{"allow":["GET"]}}],"collection":[{"href":"https:\/\/www.nessietheteacher.com\/ca\/wp-json\/wp\/v2\/pages"}],"about":[{"href":"https:\/\/www.nessietheteacher.com\/ca\/wp-json\/wp\/v2\/types\/page"}],"author":[{"embeddable":true,"href":"https:\/\/www.nessietheteacher.com\/ca\/wp-json\/wp\/v2\/users\/1"}],"replies":[{"embeddable":true,"href":"https:\/\/www.nessietheteacher.com\/ca\/wp-json\/wp\/v2\/comments?post=315"}],"version-history":[{"count":63,"href":"https:\/\/www.nessietheteacher.com\/ca\/wp-json\/wp\/v2\/pages\/315\/revisions"}],"predecessor-version":[{"id":4841,"href":"https:\/\/www.nessietheteacher.com\/ca\/wp-json\/wp\/v2\/pages\/315\/revisions\/4841"}],"wp:attachment":[{"href":"https:\/\/www.nessietheteacher.com\/ca\/wp-json\/wp\/v2\/media?parent=315"}],"curies":[{"name":"wp","href":"https:\/\/api.w.org\/{rel}","templated":true}]}}